{"id":63,"date":"2022-04-13T11:51:37","date_gmt":"2022-04-13T11:51:37","guid":{"rendered":"https:\/\/thecey.com\/francais\/product\/leather-luggage-tag\/"},"modified":"2024-06-04T13:57:01","modified_gmt":"2024-06-04T13:57:01","slug":"etiquette-de-bagage-en-cuir","status":"publish","type":"product","link":"https:\/\/thecey.com\/francais\/Produits\/etiquette-de-bagage-en-cuir\/","title":{"rendered":"\u00c9tiquette De Bagage En Cuir"},"content":{"rendered":"<h4>Travel with your tag!<\/h4>\n<p>Your customers logo can be any where in the world with our luggage tag. They can be produced pu or real leather with any color and printing condition. OEM and ODM is mostly accepted.<\/p>\n","protected":false},"excerpt":{"rendered":"<p>Voyagez avec votre \u00e9tiquette !<\/p>\n<p>Le logo de vos clients peut \u00eatre n&rsquo;importe o\u00f9 dans le monde avec notre \u00e9tiquette de bagage. Ils peuvent \u00eatre produits en pu ou en cuir v\u00e9ritable avec n&rsquo;importe quelle couleur et condition d&rsquo;impression. OEM et ODM sont g\u00e9n\u00e9ralement accept\u00e9s.<\/p>\n","protected":false},"featured_media":55,"comment_status":"closed","ping_status":"closed","template":"","meta":[],"product_brand":[],"product_cat":[382,33],"product_tag":[25,26,27],"class_list":{"0":"post-63","1":"product","2":"type-product","3":"status-publish","4":"has-post-thumbnail","6":"product_cat-articles-de-voyage","7":"product_cat-articles-en-cuir","8":"product_tag-leather-luggage-tag","9":"product_tag-leather-tag","10":"product_tag-promotional-luggage-tag","12":"first","13":"instock","14":"product-type-simple"},"_links":{"self":[{"href":"https:\/\/thecey.com\/francais\/wp-json\/wp\/v2\/product\/63","targetHints":{"allow":["GET"]}}],"collection":[{"href":"https:\/\/thecey.com\/francais\/wp-json\/wp\/v2\/product"}],"about":[{"href":"https:\/\/thecey.com\/francais\/wp-json\/wp\/v2\/types\/product"}],"replies":[{"embeddable":true,"href":"https:\/\/thecey.com\/francais\/wp-json\/wp\/v2\/comments?post=63"}],"wp:featuredmedia":[{"embeddable":true,"href":"https:\/\/thecey.com\/francais\/wp-json\/wp\/v2\/media\/55"}],"wp:attachment":[{"href":"https:\/\/thecey.com\/francais\/wp-json\/wp\/v2\/media?parent=63"}],"wp:term":[{"taxonomy":"product_brand","embeddable":true,"href":"https:\/\/thecey.com\/francais\/wp-json\/wp\/v2\/product_brand?post=63"},{"taxonomy":"product_cat","embeddable":true,"href":"https:\/\/thecey.com\/francais\/wp-json\/wp\/v2\/product_cat?post=63"},{"taxonomy":"product_tag","embeddable":true,"href":"https:\/\/thecey.com\/francais\/wp-json\/wp\/v2\/product_tag?post=63"}],"curies":[{"name":"wp","href":"https:\/\/api.w.org\/{rel}","templated":true}]}}