{"id":379,"date":"2022-04-13T11:54:26","date_gmt":"2022-04-13T11:54:26","guid":{"rendered":"https:\/\/thecey.com\/francais\/product\/deonet-promo-flag-wind\/"},"modified":"2023-02-24T09:19:00","modified_gmt":"2023-02-24T09:19:00","slug":"deonet-promo-drapeau-vent","status":"publish","type":"product","link":"https:\/\/thecey.com\/francais\/Produits\/deonet-promo-drapeau-vent\/","title":{"rendered":"Deonet &#8211; Promo Drapeau Vent"},"content":{"rendered":"","protected":false},"excerpt":{"rendered":"<p>Le Promo Flag Wind est une publicit\u00e9 int\u00e9rieure parfaite. Le Super Poly Knit 100% polyester (PES) est un tissu tricot\u00e9 l\u00e9ger de 110 g\/m2 avec une poche \u00e9lastique noire sur la manche, id\u00e9al pour le Promo Flag Wind. Le mat\u00e9riau Super Poly Knit est class\u00e9 au feu B1, ce qui en fait un mat\u00e9riau id\u00e9al et s\u00fbr \u00e0 utiliser dans les magasins ou lors d&rsquo;\u00e9v\u00e9nements en salle. Un drapeau professionnel avec une forme unique, adapt\u00e9 \u00e0 une utilisation en int\u00e9rieur ou dans des espaces ext\u00e9rieurs couverts. L&rsquo;utilisation en ext\u00e9rieur est possible jusqu&rsquo;\u00e0 une force de vent de max 3. L&rsquo;impression ne sera visible que d&rsquo;un c\u00f4t\u00e9. La taille du produit est\u00a03004 x 780 x 60 mm.<\/p>\n","protected":false},"featured_media":380,"comment_status":"closed","ping_status":"closed","template":"","meta":[],"product_brand":[],"product_cat":[50],"product_tag":[176,178,177],"class_list":{"0":"post-379","1":"product","2":"type-product","3":"status-publish","4":"has-post-thumbnail","6":"product_cat-produits-dimpression","7":"product_tag-drapeau","8":"product_tag-promo-drapeau","9":"product_tag-vent","11":"first","12":"instock","13":"product-type-simple"},"_links":{"self":[{"href":"https:\/\/thecey.com\/francais\/wp-json\/wp\/v2\/product\/379","targetHints":{"allow":["GET"]}}],"collection":[{"href":"https:\/\/thecey.com\/francais\/wp-json\/wp\/v2\/product"}],"about":[{"href":"https:\/\/thecey.com\/francais\/wp-json\/wp\/v2\/types\/product"}],"replies":[{"embeddable":true,"href":"https:\/\/thecey.com\/francais\/wp-json\/wp\/v2\/comments?post=379"}],"wp:featuredmedia":[{"embeddable":true,"href":"https:\/\/thecey.com\/francais\/wp-json\/wp\/v2\/media\/380"}],"wp:attachment":[{"href":"https:\/\/thecey.com\/francais\/wp-json\/wp\/v2\/media?parent=379"}],"wp:term":[{"taxonomy":"product_brand","embeddable":true,"href":"https:\/\/thecey.com\/francais\/wp-json\/wp\/v2\/product_brand?post=379"},{"taxonomy":"product_cat","embeddable":true,"href":"https:\/\/thecey.com\/francais\/wp-json\/wp\/v2\/product_cat?post=379"},{"taxonomy":"product_tag","embeddable":true,"href":"https:\/\/thecey.com\/francais\/wp-json\/wp\/v2\/product_tag?post=379"}],"curies":[{"name":"wp","href":"https:\/\/api.w.org\/{rel}","templated":true}]}}