{"id":351,"date":"2022-04-13T11:54:26","date_gmt":"2022-04-13T11:54:26","guid":{"rendered":"https:\/\/thecey.com\/francais\/product\/deonet-usb-stick-twister-c-3-0-max-print\/"},"modified":"2023-02-24T09:46:14","modified_gmt":"2023-02-24T09:46:14","slug":"deonet-cle-usb-twister-c-3-0-max-print","status":"publish","type":"product","link":"https:\/\/thecey.com\/francais\/Produits\/deonet-cle-usb-twister-c-3-0-max-print\/","title":{"rendered":"Deonet-Cl\u00e9 USB Twister-C 3.0 Max Print"},"content":{"rendered":"","protected":false},"excerpt":{"rendered":"<p>La nouvelle g\u00e9n\u00e9ration de cl\u00e9s USB. La cl\u00e9 USB Twister-C 3.0 Max Print poss\u00e8de un connecteur USB standard, mais elle poss\u00e8de \u00e9galement un connecteur Type-C \u00e0 l&rsquo;autre extr\u00e9mit\u00e9. Avec cette cl\u00e9 USB, il est possible de transf\u00e9rer toutes les donn\u00e9es d&rsquo;un smartphone Android vers un ordinateur portable ou un ordinateur. La sp\u00e9cialit\u00e9 de l&rsquo;USB Twister-C 3.0 Max Print est la tr\u00e8s grande surface imprimable, presque tout le bras m\u00e9tallique peut \u00eatre imprim\u00e9 en couleur. Cette cl\u00e9 USB est uniquement disponible avec une puce Premium avec des options de capacit\u00e9 de 32 Go, 64 Go ou 128 Go.<\/p>\n","protected":false},"featured_media":352,"comment_status":"closed","ping_status":"closed","template":"","meta":[],"product_brand":[],"product_cat":[50],"product_tag":[194,147,193,195],"class_list":{"0":"post-351","1":"product","2":"type-product","3":"status-publish","4":"has-post-thumbnail","6":"product_cat-produits-dimpression","7":"product_tag-promotion-usb","8":"product_tag-qualite","9":"product_tag-usb","10":"product_tag-usb-de-qualite","12":"first","13":"instock","14":"product-type-simple"},"_links":{"self":[{"href":"https:\/\/thecey.com\/francais\/wp-json\/wp\/v2\/product\/351","targetHints":{"allow":["GET"]}}],"collection":[{"href":"https:\/\/thecey.com\/francais\/wp-json\/wp\/v2\/product"}],"about":[{"href":"https:\/\/thecey.com\/francais\/wp-json\/wp\/v2\/types\/product"}],"replies":[{"embeddable":true,"href":"https:\/\/thecey.com\/francais\/wp-json\/wp\/v2\/comments?post=351"}],"wp:featuredmedia":[{"embeddable":true,"href":"https:\/\/thecey.com\/francais\/wp-json\/wp\/v2\/media\/352"}],"wp:attachment":[{"href":"https:\/\/thecey.com\/francais\/wp-json\/wp\/v2\/media?parent=351"}],"wp:term":[{"taxonomy":"product_brand","embeddable":true,"href":"https:\/\/thecey.com\/francais\/wp-json\/wp\/v2\/product_brand?post=351"},{"taxonomy":"product_cat","embeddable":true,"href":"https:\/\/thecey.com\/francais\/wp-json\/wp\/v2\/product_cat?post=351"},{"taxonomy":"product_tag","embeddable":true,"href":"https:\/\/thecey.com\/francais\/wp-json\/wp\/v2\/product_tag?post=351"}],"curies":[{"name":"wp","href":"https:\/\/api.w.org\/{rel}","templated":true}]}}