{"id":302,"date":"2022-04-13T11:53:37","date_gmt":"2022-04-13T11:53:37","guid":{"rendered":"https:\/\/thecey.com\/francais\/product\/recycled-bags\/"},"modified":"2023-02-24T10:47:52","modified_gmt":"2023-02-24T10:47:52","slug":"sacs-recycles","status":"publish","type":"product","link":"https:\/\/thecey.com\/francais\/Produits\/sacs-recycles\/","title":{"rendered":"SACS RECYCL\u00c9S"},"content":{"rendered":"","protected":false},"excerpt":{"rendered":"<p>Un sac respectueux de la nature \u00e9vite l&rsquo;utilisation de 300 sacs en plastique.<\/p>\n<p>Sacs promotionnels recyclables respectueux de l&rsquo;environnement pour vous et vos clients.<\/p>\n<p>Ce sac est compos\u00e9 de 4 bouteilles en plastique qui ont \u00e9t\u00e9 recycl\u00e9es. Ils ont \u00e9t\u00e9 nettoy\u00e9s, bris\u00e9s, fondus et r\u00e9utilis\u00e9s. C&rsquo;est ainsi que le tissu recycl\u00e9 est fabriqu\u00e9.<\/p>\n<p>R\u00e9duire Recycler R\u00e9utiliser<\/p>\n","protected":false},"featured_media":303,"comment_status":"closed","ping_status":"closed","template":"","meta":[],"product_brand":[],"product_cat":[73],"product_tag":[184,130,224,225],"class_list":{"0":"post-302","1":"product","2":"type-product","3":"status-publish","4":"has-post-thumbnail","6":"product_cat-sacs-promotionnels-personnalises","7":"product_tag-fabrique-en-turquie","8":"product_tag-promotion","9":"product_tag-recycler","10":"product_tag-sac-recycle","12":"first","13":"instock","14":"product-type-simple"},"_links":{"self":[{"href":"https:\/\/thecey.com\/francais\/wp-json\/wp\/v2\/product\/302","targetHints":{"allow":["GET"]}}],"collection":[{"href":"https:\/\/thecey.com\/francais\/wp-json\/wp\/v2\/product"}],"about":[{"href":"https:\/\/thecey.com\/francais\/wp-json\/wp\/v2\/types\/product"}],"replies":[{"embeddable":true,"href":"https:\/\/thecey.com\/francais\/wp-json\/wp\/v2\/comments?post=302"}],"wp:featuredmedia":[{"embeddable":true,"href":"https:\/\/thecey.com\/francais\/wp-json\/wp\/v2\/media\/303"}],"wp:attachment":[{"href":"https:\/\/thecey.com\/francais\/wp-json\/wp\/v2\/media?parent=302"}],"wp:term":[{"taxonomy":"product_brand","embeddable":true,"href":"https:\/\/thecey.com\/francais\/wp-json\/wp\/v2\/product_brand?post=302"},{"taxonomy":"product_cat","embeddable":true,"href":"https:\/\/thecey.com\/francais\/wp-json\/wp\/v2\/product_cat?post=302"},{"taxonomy":"product_tag","embeddable":true,"href":"https:\/\/thecey.com\/francais\/wp-json\/wp\/v2\/product_tag?post=302"}],"curies":[{"name":"wp","href":"https:\/\/api.w.org\/{rel}","templated":true}]}}