{"id":206,"date":"2022-04-13T11:53:06","date_gmt":"2022-04-13T11:53:06","guid":{"rendered":"https:\/\/thecey.com\/francais\/product\/vintage-leather-note-book\/"},"modified":"2023-02-24T13:44:52","modified_gmt":"2023-02-24T13:44:52","slug":"carnet-de-notes-en-cuir-vintage","status":"publish","type":"product","link":"https:\/\/thecey.com\/francais\/Produits\/carnet-de-notes-en-cuir-vintage\/","title":{"rendered":"Carnet De Notes En Cuir Vintage"},"content":{"rendered":"","protected":false},"excerpt":{"rendered":"<p>Carnet en cuir vintage de diff\u00e9rentes tailles. Fabriqu\u00e9 \u00e0 100 % en cuir v\u00e9ritable. Diff\u00e9rentes options de couleur possibles. Superbe article cadeau promotionnel.<\/p>\n<p>Impression : D\u00e9calcomanie, Gravure<\/p>\n","protected":false},"featured_media":207,"comment_status":"closed","ping_status":"closed","template":"","meta":[],"product_brand":[],"product_cat":[16],"product_tag":[280,281,282],"class_list":{"0":"post-206","1":"product","2":"type-product","3":"status-publish","4":"has-post-thumbnail","6":"product_cat-uncategorized","7":"product_tag-cadeau-fait-main","8":"product_tag-cahier-en-cuir","9":"product_tag-cuir-depoque","11":"first","12":"instock","13":"product-type-simple"},"_links":{"self":[{"href":"https:\/\/thecey.com\/francais\/wp-json\/wp\/v2\/product\/206","targetHints":{"allow":["GET"]}}],"collection":[{"href":"https:\/\/thecey.com\/francais\/wp-json\/wp\/v2\/product"}],"about":[{"href":"https:\/\/thecey.com\/francais\/wp-json\/wp\/v2\/types\/product"}],"replies":[{"embeddable":true,"href":"https:\/\/thecey.com\/francais\/wp-json\/wp\/v2\/comments?post=206"}],"wp:featuredmedia":[{"embeddable":true,"href":"https:\/\/thecey.com\/francais\/wp-json\/wp\/v2\/media\/207"}],"wp:attachment":[{"href":"https:\/\/thecey.com\/francais\/wp-json\/wp\/v2\/media?parent=206"}],"wp:term":[{"taxonomy":"product_brand","embeddable":true,"href":"https:\/\/thecey.com\/francais\/wp-json\/wp\/v2\/product_brand?post=206"},{"taxonomy":"product_cat","embeddable":true,"href":"https:\/\/thecey.com\/francais\/wp-json\/wp\/v2\/product_cat?post=206"},{"taxonomy":"product_tag","embeddable":true,"href":"https:\/\/thecey.com\/francais\/wp-json\/wp\/v2\/product_tag?post=206"}],"curies":[{"name":"wp","href":"https:\/\/api.w.org\/{rel}","templated":true}]}}