{"id":199,"date":"2022-04-13T11:53:06","date_gmt":"2022-04-13T11:53:06","guid":{"rendered":"https:\/\/thecey.com\/francais\/product\/leather-vintage-portfolio\/"},"modified":"2023-02-24T13:46:39","modified_gmt":"2023-02-24T13:46:39","slug":"portefeuille-vintage-en-cuir","status":"publish","type":"product","link":"https:\/\/thecey.com\/francais\/Produits\/portefeuille-vintage-en-cuir\/","title":{"rendered":"Portefeu\u0131lle V\u0131ntage En Cu\u0131r"},"content":{"rendered":"","protected":false},"excerpt":{"rendered":"<p>Ce portefeuille est compos\u00e9 \u00e0 100% de vrai cuir vintage et fait \u00e0 la main. Article cadeau pr\u00e9cieux!<\/p>\n<p>Impression: D\u00e9calcomanie, Gravure<\/p>\n","protected":false},"featured_media":200,"comment_status":"closed","ping_status":"closed","template":"","meta":[],"product_brand":[],"product_cat":[33],"product_tag":[282,285],"class_list":{"0":"post-199","1":"product","2":"type-product","3":"status-publish","4":"has-post-thumbnail","6":"product_cat-articles-en-cuir","7":"product_tag-cuir-depoque","8":"product_tag-portefeuille-en-cuir","10":"first","11":"instock","12":"product-type-simple"},"_links":{"self":[{"href":"https:\/\/thecey.com\/francais\/wp-json\/wp\/v2\/product\/199","targetHints":{"allow":["GET"]}}],"collection":[{"href":"https:\/\/thecey.com\/francais\/wp-json\/wp\/v2\/product"}],"about":[{"href":"https:\/\/thecey.com\/francais\/wp-json\/wp\/v2\/types\/product"}],"replies":[{"embeddable":true,"href":"https:\/\/thecey.com\/francais\/wp-json\/wp\/v2\/comments?post=199"}],"wp:featuredmedia":[{"embeddable":true,"href":"https:\/\/thecey.com\/francais\/wp-json\/wp\/v2\/media\/200"}],"wp:attachment":[{"href":"https:\/\/thecey.com\/francais\/wp-json\/wp\/v2\/media?parent=199"}],"wp:term":[{"taxonomy":"product_brand","embeddable":true,"href":"https:\/\/thecey.com\/francais\/wp-json\/wp\/v2\/product_brand?post=199"},{"taxonomy":"product_cat","embeddable":true,"href":"https:\/\/thecey.com\/francais\/wp-json\/wp\/v2\/product_cat?post=199"},{"taxonomy":"product_tag","embeddable":true,"href":"https:\/\/thecey.com\/francais\/wp-json\/wp\/v2\/product_tag?post=199"}],"curies":[{"name":"wp","href":"https:\/\/api.w.org\/{rel}","templated":true}]}}