{"id":9825,"date":"2024-05-30T16:21:20","date_gmt":"2024-05-30T13:21:20","guid":{"rendered":"https:\/\/thecey.com\/?post_type=product&#038;p=9825"},"modified":"2025-03-18T09:54:19","modified_gmt":"2025-03-18T06:54:19","slug":"kartela-uretimi","status":"publish","type":"product","link":"https:\/\/thecey.com\/en\/urunler\/kartela-uretimi\/","title":{"rendered":"Kartela \u00dcretimi"},"content":{"rendered":"<p>Tekstil ve di\u011fer sekt\u00f6rler i\u00e7in uygun ki\u015fiselle\u015ftirilmi\u015f kartela \u00fcretimi.<\/p>\n<p>&nbsp;<\/p>\n","protected":false},"excerpt":{"rendered":"<p>Tekstil ve di\u011fer sekt\u00f6rler i\u00e7in uygun ki\u015fiselle\u015ftirilmi\u015f kartela \u00fcretimi. &nbsp;<\/p>\n","protected":false},"featured_media":9826,"comment_status":"open","ping_status":"closed","template":"","meta":[],"product_brand":[],"product_cat":[2287,822],"product_tag":[],"class_list":{"0":"post-9825","1":"product","2":"type-product","3":"status-publish","4":"has-post-thumbnail","6":"product_cat-matbaa-urunleri","7":"product_cat-tekstil-urunleri","9":"first","10":"instock","11":"shipping-taxable","12":"product-type-simple"},"_links":{"self":[{"href":"https:\/\/thecey.com\/en\/wp-json\/wp\/v2\/product\/9825\/"}],"collection":[{"href":"https:\/\/thecey.com\/en\/wp-json\/wp\/v2\/product\/"}],"about":[{"href":"https:\/\/thecey.com\/en\/wp-json\/wp\/v2\/types\/product\/"}],"replies":[{"embeddable":true,"href":"https:\/\/thecey.com\/en\/wp-json\/wp\/v2\/comments\/?post=9825"}],"wp:featuredmedia":[{"embeddable":true,"href":"https:\/\/thecey.com\/en\/wp-json\/wp\/v2\/media\/9826\/"}],"wp:attachment":[{"href":"https:\/\/thecey.com\/en\/wp-json\/wp\/v2\/media\/?parent=9825"}],"wp:term":[{"taxonomy":"product_brand","embeddable":true,"href":"https:\/\/thecey.com\/en\/wp-json\/wp\/v2\/product_brand\/?post=9825"},{"taxonomy":"product_cat","embeddable":true,"href":"https:\/\/thecey.com\/en\/wp-json\/wp\/v2\/product_cat\/?post=9825"},{"taxonomy":"product_tag","embeddable":true,"href":"https:\/\/thecey.com\/en\/wp-json\/wp\/v2\/product_tag\/?post=9825"}],"curies":[{"name":"wp","href":"https:\/\/api.w.org\/{rel}","templated":true}]}}