{"id":9747,"date":"2024-05-10T12:33:12","date_gmt":"2024-05-10T09:33:12","guid":{"rendered":"https:\/\/thecey.com\/?post_type=product&#038;p=9747"},"modified":"2024-05-23T09:59:37","modified_gmt":"2024-05-23T06:59:37","slug":"vakumlu-celik-termos-bardak","status":"publish","type":"product","link":"https:\/\/thecey.com\/en\/urunler\/vakumlu-celik-termos-bardak\/","title":{"rendered":"VKM &#8211; Vakumlu \u00c7elik Termos Bardak"},"content":{"rendered":"<div class=\"elementor-column elementor-col-20 elementor-inner-column elementor-element elementor-element-955ce75\" data-id=\"955ce75\" data-element_type=\"column\">\n<div class=\"elementor-widget-wrap elementor-element-populated\">\n<div class=\"elementor-element elementor-element-98e6678 elementor-widget elementor-widget-wd_infobox\" data-id=\"98e6678\" data-element_type=\"widget\" data-widget_type=\"wd_infobox.default\">\n<div class=\"elementor-widget-container\">\n<div class=\"info-box-wrapper\">\n<div class=\"wd-info-box text-center box-icon-align-top box-style-base color-scheme-\">\n<div class=\"info-box-content\">\n<p>12 Saat So\u011fuk Tutma<\/p>\n<div class=\"elementor-column elementor-col-20 elementor-inner-column elementor-element elementor-element-955ce75\" data-id=\"955ce75\" data-element_type=\"column\">\n<div class=\"elementor-widget-wrap elementor-element-populated\">\n<div class=\"elementor-element elementor-element-98e6678 elementor-widget elementor-widget-wd_infobox\" data-id=\"98e6678\" data-element_type=\"widget\" data-widget_type=\"wd_infobox.default\">\n<div class=\"elementor-widget-container\">\n<div class=\"info-box-wrapper\">\n<div class=\"wd-info-box text-center box-icon-align-top box-style-base color-scheme-\">4 Saat S\u0131cak Tutma<\/div>\n<\/div>\n<\/div>\n<\/div>\n<\/div>\n<\/div>\n<div class=\"elementor-column elementor-col-20 elementor-inner-column elementor-element elementor-element-d55159b\" data-id=\"d55159b\" data-element_type=\"column\">\n<div class=\"elementor-widget-wrap elementor-element-populated\">\n<div class=\"elementor-element elementor-element-cfc3650 elementor-widget elementor-widget-wd_infobox\" data-id=\"cfc3650\" data-element_type=\"widget\" data-widget_type=\"wd_infobox.default\">\n<div class=\"elementor-widget-container\">\n<div class=\"info-box-wrapper\">\n<div class=\"wd-info-box text-center box-icon-align-top box-style-base color-scheme-\">\n<div class=\"info-box-content\">\n<p>18 Saat Buzlu Tutma<\/p>\n<h4 class=\"info-box-title title box-title-style-default wd-fontsize-m\" data-elementor-setting-key=\"title\">400 mL Kapasite<\/h4>\n<h4 class=\"info-box-title title box-title-style-default wd-fontsize-s\" data-elementor-setting-key=\"title\">Bula\u015f\u0131k makinesinde y\u0131kanabilir<\/h4>\n<\/div>\n<\/div>\n<\/div>\n<\/div>\n<\/div>\n<\/div>\n<\/div>\n<div class=\"elementor-column elementor-col-20 elementor-inner-column elementor-element elementor-element-74dfccd\" data-id=\"74dfccd\" data-element_type=\"column\">\n<div class=\"elementor-widget-wrap elementor-element-populated\">\n<div class=\"elementor-element elementor-element-5014dfd elementor-widget elementor-widget-wd_infobox\" data-id=\"5014dfd\" data-element_type=\"widget\" data-widget_type=\"wd_infobox.default\">\n<div class=\"elementor-widget-container\">\n<div class=\"info-box-wrapper\"><\/div>\n<\/div>\n<\/div>\n<\/div>\n<\/div>\n<\/div>\n<\/div>\n<\/div>\n<\/div>\n<\/div>\n<\/div>\n<\/div>\n<div class=\"elementor-column elementor-col-20 elementor-inner-column elementor-element elementor-element-d55159b\" data-id=\"d55159b\" data-element_type=\"column\">\n<div class=\"elementor-widget-wrap elementor-element-populated\">\n<div class=\"elementor-element elementor-element-cfc3650 elementor-widget elementor-widget-wd_infobox\" data-id=\"cfc3650\" data-element_type=\"widget\" data-widget_type=\"wd_infobox.default\">\n<div class=\"elementor-widget-container\">\n<div class=\"info-box-wrapper\">\n<div class=\"wd-info-box text-center box-icon-align-top box-style-base color-scheme-\">\n<div class=\"box-icon-wrapper box-with-icon box-icon-simple\">\n<div class=\"info-box-icon\"><\/div>\n<\/div>\n<div class=\"info-box-content\"><\/div>\n<\/div>\n<\/div>\n<\/div>\n<\/div>\n<\/div>\n<\/div>\n","protected":false},"excerpt":{"rendered":"<ul>\n<li>\n<h4 class=\"info-box-title title box-title-style-default wd-fontsize-s\" data-elementor-setting-key=\"title\">Bu \u00fcr\u00fcn, Stanley termoslar ile ayn\u0131 fabrikada \u00fcretildi!<\/h4>\n<\/li>\n<\/ul>\n","protected":false},"featured_media":9748,"comment_status":"open","ping_status":"closed","template":"","meta":[],"product_brand":[],"product_cat":[15],"product_tag":[],"class_list":{"0":"post-9747","1":"product","2":"type-product","3":"status-publish","4":"has-post-thumbnail","6":"product_cat-cikolata","8":"first","9":"instock","10":"shipping-taxable","11":"product-type-simple"},"_links":{"self":[{"href":"https:\/\/thecey.com\/en\/wp-json\/wp\/v2\/product\/9747\/"}],"collection":[{"href":"https:\/\/thecey.com\/en\/wp-json\/wp\/v2\/product\/"}],"about":[{"href":"https:\/\/thecey.com\/en\/wp-json\/wp\/v2\/types\/product\/"}],"replies":[{"embeddable":true,"href":"https:\/\/thecey.com\/en\/wp-json\/wp\/v2\/comments\/?post=9747"}],"wp:featuredmedia":[{"embeddable":true,"href":"https:\/\/thecey.com\/en\/wp-json\/wp\/v2\/media\/9748\/"}],"wp:attachment":[{"href":"https:\/\/thecey.com\/en\/wp-json\/wp\/v2\/media\/?parent=9747"}],"wp:term":[{"taxonomy":"product_brand","embeddable":true,"href":"https:\/\/thecey.com\/en\/wp-json\/wp\/v2\/product_brand\/?post=9747"},{"taxonomy":"product_cat","embeddable":true,"href":"https:\/\/thecey.com\/en\/wp-json\/wp\/v2\/product_cat\/?post=9747"},{"taxonomy":"product_tag","embeddable":true,"href":"https:\/\/thecey.com\/en\/wp-json\/wp\/v2\/product_tag\/?post=9747"}],"curies":[{"name":"wp","href":"https:\/\/api.w.org\/{rel}","templated":true}]}}