{"id":9740,"date":"2024-04-17T16:10:02","date_gmt":"2024-04-17T13:10:02","guid":{"rendered":"https:\/\/thecey.com\/?post_type=product&#038;p=9740"},"modified":"2025-03-18T10:33:13","modified_gmt":"2025-03-18T07:33:13","slug":"arac-on-cam-semsiye-guneslik","status":"publish","type":"product","link":"https:\/\/thecey.com\/en\/urunler\/arac-on-cam-semsiye-guneslik\/","title":{"rendered":"Ara\u00e7 \u00d6n Cam \u015eemsiye G\u00fcne\u015flik"},"content":{"rendered":"<p>Titanyum g\u00fcm\u00fc\u015f kaplamas\u0131 kal\u0131n yap\u0131lm\u0131\u015ft\u0131r bu sayede i\u00e7eriye hi\u00e7\u00a0\u0131\u015f\u0131k\u00a0ge\u00e7irmez.<\/p>\n<p>Esnek telleri sayesinde her \u00f6l\u00e7\u00fcde binek, suv ve jeep arac\u0131n \u00f6n cam\u0131na uygundur.<\/p>\n","protected":false},"excerpt":{"rendered":"<p>Titanyum g\u00fcm\u00fc\u015f kaplamas\u0131 kal\u0131n yap\u0131lm\u0131\u015ft\u0131r bu sayede i\u00e7eriye hi\u00e7\u00a0\u0131\u015f\u0131k\u00a0ge\u00e7irmez. Esnek telleri sayesinde her \u00f6l\u00e7\u00fcde binek, suv ve jeep arac\u0131n \u00f6n cam\u0131na uygundur.<\/p>\n","protected":false},"featured_media":9741,"comment_status":"open","ping_status":"closed","template":"","meta":[],"product_brand":[],"product_cat":[15],"product_tag":[],"class_list":{"0":"post-9740","1":"product","2":"type-product","3":"status-publish","4":"has-post-thumbnail","6":"product_cat-cikolata","8":"first","9":"instock","10":"shipping-taxable","11":"product-type-simple"},"_links":{"self":[{"href":"https:\/\/thecey.com\/en\/wp-json\/wp\/v2\/product\/9740\/"}],"collection":[{"href":"https:\/\/thecey.com\/en\/wp-json\/wp\/v2\/product\/"}],"about":[{"href":"https:\/\/thecey.com\/en\/wp-json\/wp\/v2\/types\/product\/"}],"replies":[{"embeddable":true,"href":"https:\/\/thecey.com\/en\/wp-json\/wp\/v2\/comments\/?post=9740"}],"wp:featuredmedia":[{"embeddable":true,"href":"https:\/\/thecey.com\/en\/wp-json\/wp\/v2\/media\/9741\/"}],"wp:attachment":[{"href":"https:\/\/thecey.com\/en\/wp-json\/wp\/v2\/media\/?parent=9740"}],"wp:term":[{"taxonomy":"product_brand","embeddable":true,"href":"https:\/\/thecey.com\/en\/wp-json\/wp\/v2\/product_brand\/?post=9740"},{"taxonomy":"product_cat","embeddable":true,"href":"https:\/\/thecey.com\/en\/wp-json\/wp\/v2\/product_cat\/?post=9740"},{"taxonomy":"product_tag","embeddable":true,"href":"https:\/\/thecey.com\/en\/wp-json\/wp\/v2\/product_tag\/?post=9740"}],"curies":[{"name":"wp","href":"https:\/\/api.w.org\/{rel}","templated":true}]}}