{"id":9623,"date":"2023-12-20T15:52:49","date_gmt":"2023-12-20T12:52:49","guid":{"rendered":"https:\/\/thecey.com\/?post_type=product&#038;p=9623"},"modified":"2025-03-18T09:55:55","modified_gmt":"2025-03-18T06:55:55","slug":"mars-umbrella-tam-otomatik-semsiye","status":"publish","type":"product","link":"https:\/\/thecey.com\/en\/urunler\/mars-umbrella-tam-otomatik-semsiye\/","title":{"rendered":"Mars Umbrella Tam Otomatik \u015eemsiye"},"content":{"rendered":"<div>Otomatik a\u00e7\u0131l\u0131p kapanan mekanizma<\/div>\n<div>R\u00fczgara ve ters d\u00f6nmeye dayan\u0131kl\u0131 fiber teller<\/div>\n<div><\/div>\n<div><\/div>\n<div>A\u00e7\u0131l\u0131\u015f h\u0131z\u0131 30 salise<\/div>\n<div>Kapan\u0131\u015f h\u0131z\u0131 25 salise<\/div>\n<div><\/div>\n<div>\u015eemsiye ile ayn\u0131 renkte k\u0131l\u0131f.<\/div>\n<div>Kir ve su tutmayan \u00f6zel kaplamal\u0131 kuma\u015f.<\/div>\n<div><\/div>\n<div>\u00c7ap 100cm<\/div>\n<div>Kapal\u0131 Uzunluk: 33 cm<\/div>\n<div>Panel Say\u0131s\u0131: 8<\/div>\n","protected":false},"excerpt":{"rendered":"<p>Otomatik a\u00e7\u0131l\u0131p kapanan mekanizma R\u00fczgara ve ters d\u00f6nmeye dayan\u0131kl\u0131 fiber teller A\u00e7\u0131l\u0131\u015f h\u0131z\u0131 30 salise Kapan\u0131\u015f h\u0131z\u0131 25 salise \u015eemsiye ile ayn\u0131 renkte k\u0131l\u0131f. Kir ve su tutmayan \u00f6zel kaplamal\u0131 kuma\u015f. \u00c7ap 100cm Kapal\u0131 Uzunluk: 33 cm Panel Say\u0131s\u0131: 8<\/p>\n","protected":false},"featured_media":9624,"comment_status":"open","ping_status":"closed","template":"","meta":[],"product_brand":[],"product_cat":[15],"product_tag":[],"class_list":{"0":"post-9623","1":"product","2":"type-product","3":"status-publish","4":"has-post-thumbnail","6":"product_cat-cikolata","8":"first","9":"instock","10":"shipping-taxable","11":"product-type-simple"},"_links":{"self":[{"href":"https:\/\/thecey.com\/en\/wp-json\/wp\/v2\/product\/9623\/"}],"collection":[{"href":"https:\/\/thecey.com\/en\/wp-json\/wp\/v2\/product\/"}],"about":[{"href":"https:\/\/thecey.com\/en\/wp-json\/wp\/v2\/types\/product\/"}],"replies":[{"embeddable":true,"href":"https:\/\/thecey.com\/en\/wp-json\/wp\/v2\/comments\/?post=9623"}],"wp:featuredmedia":[{"embeddable":true,"href":"https:\/\/thecey.com\/en\/wp-json\/wp\/v2\/media\/9624\/"}],"wp:attachment":[{"href":"https:\/\/thecey.com\/en\/wp-json\/wp\/v2\/media\/?parent=9623"}],"wp:term":[{"taxonomy":"product_brand","embeddable":true,"href":"https:\/\/thecey.com\/en\/wp-json\/wp\/v2\/product_brand\/?post=9623"},{"taxonomy":"product_cat","embeddable":true,"href":"https:\/\/thecey.com\/en\/wp-json\/wp\/v2\/product_cat\/?post=9623"},{"taxonomy":"product_tag","embeddable":true,"href":"https:\/\/thecey.com\/en\/wp-json\/wp\/v2\/product_tag\/?post=9623"}],"curies":[{"name":"wp","href":"https:\/\/api.w.org\/{rel}","templated":true}]}}