{"id":9613,"date":"2023-12-20T15:45:46","date_gmt":"2023-12-20T12:45:46","guid":{"rendered":"https:\/\/thecey.com\/?post_type=product&#038;p=9613"},"modified":"2024-05-22T13:35:56","modified_gmt":"2024-05-22T10:35:56","slug":"thecey-semsiye","status":"publish","type":"product","link":"https:\/\/thecey.com\/en\/urunler\/thecey-semsiye\/","title":{"rendered":"THECEY-\u015eEMS\u0130YE"},"content":{"rendered":"<p>Kapal\u0131 uzunlu\u011fu 85cm<br \/>\n\u00c7ap\u0131 100 cm<br \/>\nPongee kuma\u015f<br \/>\nUzun teller fiber<br \/>\nK\u0131sa\u00a0teller\u00a0metaldir<\/p>\n","protected":false},"excerpt":{"rendered":"<p>Kapal\u0131 uzunlu\u011fu 85cm \u00c7ap\u0131 100 cm Pongee kuma\u015f Uzun teller fiber K\u0131sa\u00a0teller\u00a0metaldir<\/p>\n","protected":false},"featured_media":9614,"comment_status":"open","ping_status":"closed","template":"","meta":[],"product_brand":[],"product_cat":[15],"product_tag":[],"class_list":{"0":"post-9613","1":"product","2":"type-product","3":"status-publish","4":"has-post-thumbnail","6":"product_cat-cikolata","8":"first","9":"instock","10":"shipping-taxable","11":"product-type-simple"},"_links":{"self":[{"href":"https:\/\/thecey.com\/en\/wp-json\/wp\/v2\/product\/9613\/"}],"collection":[{"href":"https:\/\/thecey.com\/en\/wp-json\/wp\/v2\/product\/"}],"about":[{"href":"https:\/\/thecey.com\/en\/wp-json\/wp\/v2\/types\/product\/"}],"replies":[{"embeddable":true,"href":"https:\/\/thecey.com\/en\/wp-json\/wp\/v2\/comments\/?post=9613"}],"wp:featuredmedia":[{"embeddable":true,"href":"https:\/\/thecey.com\/en\/wp-json\/wp\/v2\/media\/9614\/"}],"wp:attachment":[{"href":"https:\/\/thecey.com\/en\/wp-json\/wp\/v2\/media\/?parent=9613"}],"wp:term":[{"taxonomy":"product_brand","embeddable":true,"href":"https:\/\/thecey.com\/en\/wp-json\/wp\/v2\/product_brand\/?post=9613"},{"taxonomy":"product_cat","embeddable":true,"href":"https:\/\/thecey.com\/en\/wp-json\/wp\/v2\/product_cat\/?post=9613"},{"taxonomy":"product_tag","embeddable":true,"href":"https:\/\/thecey.com\/en\/wp-json\/wp\/v2\/product_tag\/?post=9613"}],"curies":[{"name":"wp","href":"https:\/\/api.w.org\/{rel}","templated":true}]}}