{"id":956,"date":"2018-11-05T16:53:03","date_gmt":"2018-11-05T13:53:03","guid":{"rendered":"http:\/\/thecey.com\/yeni\/product\/import-placeholder-for-17493\/"},"modified":"2023-06-20T11:26:50","modified_gmt":"2023-06-20T08:26:50","slug":"traraba-ve-oda-kokusu-kucukencarroom-odor-small","status":"publish","type":"product","link":"https:\/\/thecey.com\/en\/urunler\/traraba-ve-oda-kokusu-kucukencarroom-odor-small\/","title":{"rendered":"ARABA FAN KOKUSU"},"content":{"rendered":"","protected":false},"excerpt":{"rendered":"<h4>Promosyonda koku deneyimi yapt\u0131n\u0131z m\u0131?<\/h4>\n<h4>Fan aktif \u00e7al\u0131\u015ft\u0131\u011f\u0131nda koku da\u011f\u0131l\u0131m\u0131 sa\u011flayarak ara\u00e7 i\u00e7indeki k\u00f6t\u00fc havay\u0131 ferah bir kokuya d\u00f6n\u00fc\u015ft\u00fcrmektedir.<\/h4>\n<h4>Markan\u0131z kokuyla yay\u0131ls\u0131n.!<\/h4>\n","protected":false},"featured_media":3036,"comment_status":"open","ping_status":"closed","template":"","meta":[],"product_brand":[],"product_cat":[424,463,304],"product_tag":[519,916,913,912,914,915],"class_list":{"0":"post-956","1":"product","2":"type-product","3":"status-publish","4":"has-post-thumbnail","6":"product_cat-ihrac-urunleri","7":"product_cat-promosyon-koku-ve-mum","8":"product_cat-thecey","9":"product_tag-car-fragrance","10":"product_tag-kaliteli-oto-kokusu","11":"product_tag-oto-kokusu","12":"product_tag-promosyon-koku","13":"product_tag-promotional-fragrances","14":"product_tag-quality-fragrance","16":"first","17":"instock","18":"shipping-taxable","19":"purchasable","20":"product-type-simple"},"_links":{"self":[{"href":"https:\/\/thecey.com\/en\/wp-json\/wp\/v2\/product\/956\/"}],"collection":[{"href":"https:\/\/thecey.com\/en\/wp-json\/wp\/v2\/product\/"}],"about":[{"href":"https:\/\/thecey.com\/en\/wp-json\/wp\/v2\/types\/product\/"}],"replies":[{"embeddable":true,"href":"https:\/\/thecey.com\/en\/wp-json\/wp\/v2\/comments\/?post=956"}],"wp:featuredmedia":[{"embeddable":true,"href":"https:\/\/thecey.com\/en\/wp-json\/wp\/v2\/media\/3036\/"}],"wp:attachment":[{"href":"https:\/\/thecey.com\/en\/wp-json\/wp\/v2\/media\/?parent=956"}],"wp:term":[{"taxonomy":"product_brand","embeddable":true,"href":"https:\/\/thecey.com\/en\/wp-json\/wp\/v2\/product_brand\/?post=956"},{"taxonomy":"product_cat","embeddable":true,"href":"https:\/\/thecey.com\/en\/wp-json\/wp\/v2\/product_cat\/?post=956"},{"taxonomy":"product_tag","embeddable":true,"href":"https:\/\/thecey.com\/en\/wp-json\/wp\/v2\/product_tag\/?post=956"}],"curies":[{"name":"wp","href":"https:\/\/api.w.org\/{rel}","templated":true}]}}