{"id":953,"date":"2018-11-05T16:53:03","date_gmt":"2018-11-05T13:53:03","guid":{"rendered":"http:\/\/thecey.com\/yeni\/product\/import-placeholder-for-17473\/"},"modified":"2024-05-29T16:13:25","modified_gmt":"2024-05-29T13:13:25","slug":"trpromosyon-oda-kokusu-difizoruenpromotional-room-diffuser","status":"publish","type":"product","link":"https:\/\/thecey.com\/en\/urunler\/trpromosyon-oda-kokusu-difizoruenpromotional-room-diffuser\/","title":{"rendered":"PROMOSYON ODA KOKUSU (D\u0130F\u0130Z\u00d6R\u00dc)"},"content":{"rendered":"<h4>Odan\u0131z\u0131 ferahla\u015ft\u0131ran bir promosyon \u00fcr\u00fcn\u00fc!<\/h4>\n<p>Kim g\u00fczel bir kokunun ofiste veya odada olmas\u0131n\u0131 istemez ki? Promosyonda kullan\u0131ma uygun \u00f6zel etiketli oda kokular\u0131m\u0131z\u0131 denemenizi \u00f6neririz. Perakende kalitesi ile promosyon kokular farkl\u0131l\u0131k yaratmak isteyenler i\u00e7in ideal.<\/p>\n<p>Kapasite:50ml veya 100ml<\/p>\n<p>Ki\u015fiselle\u015ftirme: Kutu ve etiketler 10000 adetten sonra size \u00f6zel logo ile \u00fcretilebilir.<\/p>\n<p>Sertifika: T\u00fcm yerel ve uluslararas\u0131 yeterlilik sertifikalar\u0131na sahiptir.<\/p>\n<p>&nbsp;<\/p>\n<p>&nbsp;<\/p>\n<p>&nbsp;","protected":false},"excerpt":{"rendered":"<p>Odan\u0131z\u0131 ferahla\u015ft\u0131ran bir promosyon \u00fcr\u00fcn\u00fc! Kim g\u00fczel bir kokunun ofiste veya odada olmas\u0131n\u0131 istemez ki? Promosyonda kullan\u0131ma uygun \u00f6zel etiketli oda kokular\u0131m\u0131z\u0131 denemenizi \u00f6neririz. Perakende kalitesi ile promosyon kokular farkl\u0131l\u0131k yaratmak isteyenler i\u00e7in ideal. Kapasite:50ml veya 100ml Ki\u015fiselle\u015ftirme: Kutu ve etiketler 10000 adetten sonra size \u00f6zel logo ile \u00fcretilebilir. Sertifika: T\u00fcm yerel ve uluslararas\u0131 yeterlilik&#8230; Devam\u0131<\/p>\n","protected":false},"featured_media":1258,"comment_status":"open","ping_status":"closed","template":"","meta":[],"product_brand":[],"product_cat":[424,2290,463,304],"product_tag":[524,525,526,527],"class_list":{"0":"post-953","1":"product","2":"type-product","3":"status-publish","4":"has-post-thumbnail","6":"product_cat-ihrac-urunleri","7":"product_cat-otel-urunleri","8":"product_cat-promosyon-koku-ve-mum","9":"product_cat-thecey","10":"product_tag-oda-difuzoru","11":"product_tag-promosyon-oda-kokusu","12":"product_tag-promotional-room-diffuser","13":"product_tag-room-diffuser","15":"first","16":"instock","17":"shipping-taxable","18":"purchasable","19":"product-type-simple"},"_links":{"self":[{"href":"https:\/\/thecey.com\/en\/wp-json\/wp\/v2\/product\/953\/"}],"collection":[{"href":"https:\/\/thecey.com\/en\/wp-json\/wp\/v2\/product\/"}],"about":[{"href":"https:\/\/thecey.com\/en\/wp-json\/wp\/v2\/types\/product\/"}],"replies":[{"embeddable":true,"href":"https:\/\/thecey.com\/en\/wp-json\/wp\/v2\/comments\/?post=953"}],"wp:featuredmedia":[{"embeddable":true,"href":"https:\/\/thecey.com\/en\/wp-json\/wp\/v2\/media\/1258\/"}],"wp:attachment":[{"href":"https:\/\/thecey.com\/en\/wp-json\/wp\/v2\/media\/?parent=953"}],"wp:term":[{"taxonomy":"product_brand","embeddable":true,"href":"https:\/\/thecey.com\/en\/wp-json\/wp\/v2\/product_brand\/?post=953"},{"taxonomy":"product_cat","embeddable":true,"href":"https:\/\/thecey.com\/en\/wp-json\/wp\/v2\/product_cat\/?post=953"},{"taxonomy":"product_tag","embeddable":true,"href":"https:\/\/thecey.com\/en\/wp-json\/wp\/v2\/product_tag\/?post=953"}],"curies":[{"name":"wp","href":"https:\/\/api.w.org\/{rel}","templated":true}]}}