{"id":952,"date":"2018-11-05T16:53:03","date_gmt":"2018-11-05T13:53:03","guid":{"rendered":"http:\/\/thecey.com\/yeni\/product\/import-placeholder-for-17468\/"},"modified":"2022-08-04T14:28:44","modified_gmt":"2022-08-04T11:28:44","slug":"trarac-kokusu-likitenliquid-car-fragrance","status":"publish","type":"product","link":"https:\/\/thecey.com\/en\/urunler\/trarac-kokusu-likitenliquid-car-fragrance\/","title":{"rendered":"ARA\u00c7 KOKUSU L\u0130K\u0130T"},"content":{"rendered":"<h4>Otomobil sekt\u00f6r\u00fc i\u00e7in e\u015fsiz<\/h4>\n<p>&nbsp;<\/p>\n<p>Otomobil sekt\u00f6r\u00fc i\u00e7in neden farkl\u0131 bir \u00fcr\u00fcn se\u00e7miyorsunuz? \u00d6zel etiketli \u015fi\u015fe de likit ara\u00e7 kokusu, markan\u0131z sadece g\u00f6rsel olarak de\u011fil kokusal olarak da ya\u015fayacak.","protected":false},"excerpt":{"rendered":"<p>Otomobil sekt\u00f6r\u00fc i\u00e7in e\u015fsiz &nbsp; Otomobil sekt\u00f6r\u00fc i\u00e7in neden farkl\u0131 bir \u00fcr\u00fcn se\u00e7miyorsunuz? \u00d6zel etiketli \u015fi\u015fe de likit ara\u00e7 kokusu, markan\u0131z sadece g\u00f6rsel olarak de\u011fil kokusal olarak da ya\u015fayacak.<\/p>\n","protected":false},"featured_media":1257,"comment_status":"open","ping_status":"closed","template":"","meta":[],"product_brand":[],"product_cat":[424,463,304],"product_tag":[519,466,520,521,522,523],"class_list":{"0":"post-952","1":"product","2":"type-product","3":"status-publish","4":"has-post-thumbnail","6":"product_cat-ihrac-urunleri","7":"product_cat-promosyon-koku-ve-mum","8":"product_cat-thecey","9":"product_tag-car-fragrance","10":"product_tag-car-odor","11":"product_tag-kaliteli-arac-kokusu","12":"product_tag-likit-arac-kokusu","13":"product_tag-liquid-car-perfume","14":"product_tag-promotional-car-fragrance","16":"first","17":"instock","18":"shipping-taxable","19":"purchasable","20":"product-type-simple"},"_links":{"self":[{"href":"https:\/\/thecey.com\/en\/wp-json\/wp\/v2\/product\/952\/"}],"collection":[{"href":"https:\/\/thecey.com\/en\/wp-json\/wp\/v2\/product\/"}],"about":[{"href":"https:\/\/thecey.com\/en\/wp-json\/wp\/v2\/types\/product\/"}],"replies":[{"embeddable":true,"href":"https:\/\/thecey.com\/en\/wp-json\/wp\/v2\/comments\/?post=952"}],"wp:featuredmedia":[{"embeddable":true,"href":"https:\/\/thecey.com\/en\/wp-json\/wp\/v2\/media\/1257\/"}],"wp:attachment":[{"href":"https:\/\/thecey.com\/en\/wp-json\/wp\/v2\/media\/?parent=952"}],"wp:term":[{"taxonomy":"product_brand","embeddable":true,"href":"https:\/\/thecey.com\/en\/wp-json\/wp\/v2\/product_brand\/?post=952"},{"taxonomy":"product_cat","embeddable":true,"href":"https:\/\/thecey.com\/en\/wp-json\/wp\/v2\/product_cat\/?post=952"},{"taxonomy":"product_tag","embeddable":true,"href":"https:\/\/thecey.com\/en\/wp-json\/wp\/v2\/product_tag\/?post=952"}],"curies":[{"name":"wp","href":"https:\/\/api.w.org\/{rel}","templated":true}]}}