{"id":951,"date":"2018-11-05T16:53:03","date_gmt":"2018-11-05T13:53:03","guid":{"rendered":"http:\/\/thecey.com\/yeni\/product\/import-placeholder-for-17453\/"},"modified":"2023-06-12T00:18:03","modified_gmt":"2023-06-11T21:18:03","slug":"trusbpower-bank-ajandalarennotebook-with-usbpowerbank","status":"publish","type":"product","link":"https:\/\/thecey.com\/en\/urunler\/trusbpower-bank-ajandalarennotebook-with-usbpowerbank\/","title":{"rendered":"POWERBANKL\u0130 ORGAN\u0130ZER"},"content":{"rendered":"<h4>Bireysel organizat\u00f6r\u00fcn\u00fcz sizinle!<\/h4>\n<p>Yan\u0131 ba\u015f\u0131n\u0131zda hem \u00f6zel not defteriniz hem usb&#8217;niz hem de tablet ve telefonunuzu \u015farj edecek bir \u00fcr\u00fcn\u00fc kim istemez.<\/p>\n<p>\u0130ste\u011finize g\u00f6re \u00f6zel renklerle; istenilen kapasitelerle; istenilen bask\u0131 ile \u00fcretilir.<\/p>\n<p>\u00d6l\u00e7\u00fc: 23,5*16,5*3cm","protected":false},"excerpt":{"rendered":"<p>NOT DEFTER\u0130 + POWERBANK + USB BELLEK<\/p>\n","protected":false},"featured_media":1251,"comment_status":"open","ping_status":"closed","template":"","meta":[],"product_brand":[],"product_cat":[18,243,132,304,19],"product_tag":[512,513,514,515,516,517,518,142],"class_list":{"0":"post-951","1":"product","2":"type-product","3":"status-publish","4":"has-post-thumbnail","6":"product_cat-elektronik-urunler","7":"product_cat-not-defteri","8":"product_cat-power-bank","9":"product_cat-thecey","10":"product_cat-usb-bellekler","11":"product_tag-ajandali-power-bank","12":"product_tag-ajandali-usb","13":"product_tag-powerbank-not-defter","14":"product_tag-powerbank-with-note-book","15":"product_tag-powerbank-with-usb","16":"product_tag-printed-notebook-with-power-bank","17":"product_tag-promosyon-ajanda-not-defteri","18":"product_tag-promotional-powerbank","20":"first","21":"instock","22":"shipping-taxable","23":"purchasable","24":"product-type-simple"},"_links":{"self":[{"href":"https:\/\/thecey.com\/en\/wp-json\/wp\/v2\/product\/951\/"}],"collection":[{"href":"https:\/\/thecey.com\/en\/wp-json\/wp\/v2\/product\/"}],"about":[{"href":"https:\/\/thecey.com\/en\/wp-json\/wp\/v2\/types\/product\/"}],"replies":[{"embeddable":true,"href":"https:\/\/thecey.com\/en\/wp-json\/wp\/v2\/comments\/?post=951"}],"wp:featuredmedia":[{"embeddable":true,"href":"https:\/\/thecey.com\/en\/wp-json\/wp\/v2\/media\/1251\/"}],"wp:attachment":[{"href":"https:\/\/thecey.com\/en\/wp-json\/wp\/v2\/media\/?parent=951"}],"wp:term":[{"taxonomy":"product_brand","embeddable":true,"href":"https:\/\/thecey.com\/en\/wp-json\/wp\/v2\/product_brand\/?post=951"},{"taxonomy":"product_cat","embeddable":true,"href":"https:\/\/thecey.com\/en\/wp-json\/wp\/v2\/product_cat\/?post=951"},{"taxonomy":"product_tag","embeddable":true,"href":"https:\/\/thecey.com\/en\/wp-json\/wp\/v2\/product_tag\/?post=951"}],"curies":[{"name":"wp","href":"https:\/\/api.w.org\/{rel}","templated":true}]}}