{"id":9481,"date":"2023-10-06T12:43:57","date_gmt":"2023-10-06T09:43:57","guid":{"rendered":"https:\/\/thecey.com\/?post_type=product&#038;p=9481"},"modified":"2025-03-18T09:50:10","modified_gmt":"2025-03-18T06:50:10","slug":"3d-magnet","status":"publish","type":"product","link":"https:\/\/thecey.com\/en\/urunler\/3d-magnet\/","title":{"rendered":"3D MAGNET"},"content":{"rendered":"<p>3D g\u00f6rseli de\u011fi\u015fen \u00fcr\u00fcnler, kaliteli malzeme ile promosyon \u00fcr\u00fcn kullan\u0131m\u0131na uygundur.<\/p>\n","protected":false},"excerpt":{"rendered":"<p>3D g\u00f6rseli de\u011fi\u015fen \u00fcr\u00fcnler, kaliteli malzeme ile promosyon \u00fcr\u00fcn kullan\u0131m\u0131na uygundur.<\/p>\n","protected":false},"featured_media":9482,"comment_status":"open","ping_status":"closed","template":"","meta":[],"product_brand":[],"product_cat":[2288],"product_tag":[],"class_list":{"0":"post-9481","1":"product","2":"type-product","3":"status-publish","4":"has-post-thumbnail","6":"product_cat-3d-lentikuler-urunler","8":"first","9":"instock","10":"shipping-taxable","11":"product-type-simple"},"_links":{"self":[{"href":"https:\/\/thecey.com\/en\/wp-json\/wp\/v2\/product\/9481\/"}],"collection":[{"href":"https:\/\/thecey.com\/en\/wp-json\/wp\/v2\/product\/"}],"about":[{"href":"https:\/\/thecey.com\/en\/wp-json\/wp\/v2\/types\/product\/"}],"replies":[{"embeddable":true,"href":"https:\/\/thecey.com\/en\/wp-json\/wp\/v2\/comments\/?post=9481"}],"wp:featuredmedia":[{"embeddable":true,"href":"https:\/\/thecey.com\/en\/wp-json\/wp\/v2\/media\/9482\/"}],"wp:attachment":[{"href":"https:\/\/thecey.com\/en\/wp-json\/wp\/v2\/media\/?parent=9481"}],"wp:term":[{"taxonomy":"product_brand","embeddable":true,"href":"https:\/\/thecey.com\/en\/wp-json\/wp\/v2\/product_brand\/?post=9481"},{"taxonomy":"product_cat","embeddable":true,"href":"https:\/\/thecey.com\/en\/wp-json\/wp\/v2\/product_cat\/?post=9481"},{"taxonomy":"product_tag","embeddable":true,"href":"https:\/\/thecey.com\/en\/wp-json\/wp\/v2\/product_tag\/?post=9481"}],"curies":[{"name":"wp","href":"https:\/\/api.w.org\/{rel}","templated":true}]}}