{"id":9454,"date":"2023-10-06T12:34:21","date_gmt":"2023-10-06T09:34:21","guid":{"rendered":"https:\/\/thecey.com\/?post_type=product&#038;p=9454"},"modified":"2025-03-18T09:49:08","modified_gmt":"2025-03-18T06:49:08","slug":"3d-bagaj-etiketi","status":"publish","type":"product","link":"https:\/\/thecey.com\/en\/urunler\/3d-bagaj-etiketi\/","title":{"rendered":"3D BAGAJ ET\u0130KET\u0130"},"content":{"rendered":"","protected":false},"excerpt":{"rendered":"<p>3D g\u00f6rseli de\u011fi\u015fen \u00fcr\u00fcnler, kaliteli malzeme ile promosyon \u00fcr\u00fcn kullan\u0131m\u0131na uygundur.<\/p>\n","protected":false},"featured_media":9455,"comment_status":"open","ping_status":"closed","template":"","meta":[],"product_brand":[],"product_cat":[2288],"product_tag":[],"class_list":{"0":"post-9454","1":"product","2":"type-product","3":"status-publish","4":"has-post-thumbnail","6":"product_cat-3d-lentikuler-urunler","8":"first","9":"instock","10":"shipping-taxable","11":"product-type-simple"},"_links":{"self":[{"href":"https:\/\/thecey.com\/en\/wp-json\/wp\/v2\/product\/9454\/"}],"collection":[{"href":"https:\/\/thecey.com\/en\/wp-json\/wp\/v2\/product\/"}],"about":[{"href":"https:\/\/thecey.com\/en\/wp-json\/wp\/v2\/types\/product\/"}],"replies":[{"embeddable":true,"href":"https:\/\/thecey.com\/en\/wp-json\/wp\/v2\/comments\/?post=9454"}],"wp:featuredmedia":[{"embeddable":true,"href":"https:\/\/thecey.com\/en\/wp-json\/wp\/v2\/media\/9455\/"}],"wp:attachment":[{"href":"https:\/\/thecey.com\/en\/wp-json\/wp\/v2\/media\/?parent=9454"}],"wp:term":[{"taxonomy":"product_brand","embeddable":true,"href":"https:\/\/thecey.com\/en\/wp-json\/wp\/v2\/product_brand\/?post=9454"},{"taxonomy":"product_cat","embeddable":true,"href":"https:\/\/thecey.com\/en\/wp-json\/wp\/v2\/product_cat\/?post=9454"},{"taxonomy":"product_tag","embeddable":true,"href":"https:\/\/thecey.com\/en\/wp-json\/wp\/v2\/product_tag\/?post=9454"}],"curies":[{"name":"wp","href":"https:\/\/api.w.org\/{rel}","templated":true}]}}