{"id":9405,"date":"2023-09-14T12:33:37","date_gmt":"2023-09-14T09:33:37","guid":{"rendered":"https:\/\/thecey.com\/?post_type=product&#038;p=9405"},"modified":"2025-03-18T10:00:37","modified_gmt":"2025-03-18T07:00:37","slug":"miknatisli-kablosuz-sarj-cihazi-3u-1-arada","status":"publish","type":"product","link":"https:\/\/thecey.com\/en\/urunler\/miknatisli-kablosuz-sarj-cihazi-3u-1-arada\/","title":{"rendered":"M\u0131knat\u0131sl\u0131 kablosuz \u015farj cihaz\u0131, 3&#8217;\u00fc 1 arada"},"content":{"rendered":"","protected":false},"excerpt":{"rendered":"","protected":false},"featured_media":9406,"comment_status":"open","ping_status":"closed","template":"","meta":[],"product_brand":[],"product_cat":[15],"product_tag":[],"class_list":{"0":"post-9405","1":"product","2":"type-product","3":"status-publish","4":"has-post-thumbnail","6":"product_cat-cikolata","8":"first","9":"instock","10":"shipping-taxable","11":"product-type-simple"},"_links":{"self":[{"href":"https:\/\/thecey.com\/en\/wp-json\/wp\/v2\/product\/9405\/"}],"collection":[{"href":"https:\/\/thecey.com\/en\/wp-json\/wp\/v2\/product\/"}],"about":[{"href":"https:\/\/thecey.com\/en\/wp-json\/wp\/v2\/types\/product\/"}],"replies":[{"embeddable":true,"href":"https:\/\/thecey.com\/en\/wp-json\/wp\/v2\/comments\/?post=9405"}],"wp:featuredmedia":[{"embeddable":true,"href":"https:\/\/thecey.com\/en\/wp-json\/wp\/v2\/media\/9406\/"}],"wp:attachment":[{"href":"https:\/\/thecey.com\/en\/wp-json\/wp\/v2\/media\/?parent=9405"}],"wp:term":[{"taxonomy":"product_brand","embeddable":true,"href":"https:\/\/thecey.com\/en\/wp-json\/wp\/v2\/product_brand\/?post=9405"},{"taxonomy":"product_cat","embeddable":true,"href":"https:\/\/thecey.com\/en\/wp-json\/wp\/v2\/product_cat\/?post=9405"},{"taxonomy":"product_tag","embeddable":true,"href":"https:\/\/thecey.com\/en\/wp-json\/wp\/v2\/product_tag\/?post=9405"}],"curies":[{"name":"wp","href":"https:\/\/api.w.org\/{rel}","templated":true}]}}