{"id":8848,"date":"2023-04-20T12:07:00","date_gmt":"2023-04-20T09:07:00","guid":{"rendered":"https:\/\/thecey.com\/?post_type=product&#038;p=8848"},"modified":"2025-03-18T09:52:24","modified_gmt":"2025-03-18T06:52:24","slug":"deri-anahtarlik","status":"publish","type":"product","link":"https:\/\/thecey.com\/en\/urunler\/deri-anahtarlik\/","title":{"rendered":"DER\u0130 ANAHTARLIK"},"content":{"rendered":"","protected":false},"excerpt":{"rendered":"<p>Kaliteli \u00fcretim ve kaliteli bask\u0131 ile kurumsala uygun 2020 siyah serisi deri anahtarl\u0131klar.<\/p>\n","protected":false},"featured_media":8849,"comment_status":"open","ping_status":"closed","template":"","meta":[],"product_brand":[],"product_cat":[252],"product_tag":[],"class_list":{"0":"post-8848","1":"product","2":"type-product","3":"status-publish","4":"has-post-thumbnail","6":"product_cat-anahtarlik","8":"first","9":"instock","10":"shipping-taxable","11":"product-type-simple"},"_links":{"self":[{"href":"https:\/\/thecey.com\/en\/wp-json\/wp\/v2\/product\/8848\/"}],"collection":[{"href":"https:\/\/thecey.com\/en\/wp-json\/wp\/v2\/product\/"}],"about":[{"href":"https:\/\/thecey.com\/en\/wp-json\/wp\/v2\/types\/product\/"}],"replies":[{"embeddable":true,"href":"https:\/\/thecey.com\/en\/wp-json\/wp\/v2\/comments\/?post=8848"}],"wp:featuredmedia":[{"embeddable":true,"href":"https:\/\/thecey.com\/en\/wp-json\/wp\/v2\/media\/8849\/"}],"wp:attachment":[{"href":"https:\/\/thecey.com\/en\/wp-json\/wp\/v2\/media\/?parent=8848"}],"wp:term":[{"taxonomy":"product_brand","embeddable":true,"href":"https:\/\/thecey.com\/en\/wp-json\/wp\/v2\/product_brand\/?post=8848"},{"taxonomy":"product_cat","embeddable":true,"href":"https:\/\/thecey.com\/en\/wp-json\/wp\/v2\/product_cat\/?post=8848"},{"taxonomy":"product_tag","embeddable":true,"href":"https:\/\/thecey.com\/en\/wp-json\/wp\/v2\/product_tag\/?post=8848"}],"curies":[{"name":"wp","href":"https:\/\/api.w.org\/{rel}","templated":true}]}}