{"id":8847,"date":"2023-04-19T17:57:34","date_gmt":"2023-04-19T14:57:34","guid":{"rendered":"https:\/\/thecey.com\/?post_type=product&#038;p=8847"},"modified":"2024-05-22T13:25:57","modified_gmt":"2024-05-22T10:25:57","slug":"3d-anahtarlik","status":"publish","type":"product","link":"https:\/\/thecey.com\/en\/urunler\/3d-anahtarlik\/","title":{"rendered":"3D ANAHTARLIK"},"content":{"rendered":"<p>Kurumsala \u00f6zel 3 boyutlu anahtarl\u0131k \u00fcretimi. Dayan\u0131kl\u0131 metal malzemeden \u00fcretilir, paslanma ve kararma yapmaz.<\/p>\n","protected":false},"excerpt":{"rendered":"<p>Kurumsala \u00f6zel 3 boyutlu anahtarl\u0131k \u00fcretimi. Dayan\u0131kl\u0131 metal malzemeden \u00fcretilir, paslanma ve kararma yapmaz.<\/p>\n","protected":false},"featured_media":8836,"comment_status":"open","ping_status":"closed","template":"","meta":[],"product_brand":[],"product_cat":[252],"product_tag":[],"class_list":{"0":"post-8847","1":"product","2":"type-product","3":"status-publish","4":"has-post-thumbnail","6":"product_cat-anahtarlik","8":"first","9":"instock","10":"shipping-taxable","11":"product-type-simple"},"_links":{"self":[{"href":"https:\/\/thecey.com\/en\/wp-json\/wp\/v2\/product\/8847\/"}],"collection":[{"href":"https:\/\/thecey.com\/en\/wp-json\/wp\/v2\/product\/"}],"about":[{"href":"https:\/\/thecey.com\/en\/wp-json\/wp\/v2\/types\/product\/"}],"replies":[{"embeddable":true,"href":"https:\/\/thecey.com\/en\/wp-json\/wp\/v2\/comments\/?post=8847"}],"wp:featuredmedia":[{"embeddable":true,"href":"https:\/\/thecey.com\/en\/wp-json\/wp\/v2\/media\/8836\/"}],"wp:attachment":[{"href":"https:\/\/thecey.com\/en\/wp-json\/wp\/v2\/media\/?parent=8847"}],"wp:term":[{"taxonomy":"product_brand","embeddable":true,"href":"https:\/\/thecey.com\/en\/wp-json\/wp\/v2\/product_brand\/?post=8847"},{"taxonomy":"product_cat","embeddable":true,"href":"https:\/\/thecey.com\/en\/wp-json\/wp\/v2\/product_cat\/?post=8847"},{"taxonomy":"product_tag","embeddable":true,"href":"https:\/\/thecey.com\/en\/wp-json\/wp\/v2\/product_tag\/?post=8847"}],"curies":[{"name":"wp","href":"https:\/\/api.w.org\/{rel}","templated":true}]}}