{"id":8823,"date":"2023-04-19T17:51:16","date_gmt":"2023-04-19T14:51:16","guid":{"rendered":"https:\/\/thecey.com\/?post_type=product&#038;p=8823"},"modified":"2024-05-22T13:33:38","modified_gmt":"2024-05-22T10:33:38","slug":"mineli-krom-anahtarlik","status":"publish","type":"product","link":"https:\/\/thecey.com\/en\/urunler\/mineli-krom-anahtarlik\/","title":{"rendered":"M\u0130NEL\u0130 KROM ANAHTARLIK"},"content":{"rendered":"<p>Mineli krom anahtarl\u0131klar, istenilen boyut, \u015fekil ve renkte \u00fcretilir.<\/p>\n","protected":false},"excerpt":{"rendered":"<p>Mineli krom anahtarl\u0131klar, istenilen boyut, \u015fekil ve renkte \u00fcretilir.<\/p>\n","protected":false},"featured_media":8824,"comment_status":"open","ping_status":"closed","template":"","meta":[],"product_brand":[],"product_cat":[252],"product_tag":[],"class_list":{"0":"post-8823","1":"product","2":"type-product","3":"status-publish","4":"has-post-thumbnail","6":"product_cat-anahtarlik","8":"first","9":"instock","10":"shipping-taxable","11":"product-type-simple"},"_links":{"self":[{"href":"https:\/\/thecey.com\/en\/wp-json\/wp\/v2\/product\/8823\/"}],"collection":[{"href":"https:\/\/thecey.com\/en\/wp-json\/wp\/v2\/product\/"}],"about":[{"href":"https:\/\/thecey.com\/en\/wp-json\/wp\/v2\/types\/product\/"}],"replies":[{"embeddable":true,"href":"https:\/\/thecey.com\/en\/wp-json\/wp\/v2\/comments\/?post=8823"}],"wp:featuredmedia":[{"embeddable":true,"href":"https:\/\/thecey.com\/en\/wp-json\/wp\/v2\/media\/8824\/"}],"wp:attachment":[{"href":"https:\/\/thecey.com\/en\/wp-json\/wp\/v2\/media\/?parent=8823"}],"wp:term":[{"taxonomy":"product_brand","embeddable":true,"href":"https:\/\/thecey.com\/en\/wp-json\/wp\/v2\/product_brand\/?post=8823"},{"taxonomy":"product_cat","embeddable":true,"href":"https:\/\/thecey.com\/en\/wp-json\/wp\/v2\/product_cat\/?post=8823"},{"taxonomy":"product_tag","embeddable":true,"href":"https:\/\/thecey.com\/en\/wp-json\/wp\/v2\/product_tag\/?post=8823"}],"curies":[{"name":"wp","href":"https:\/\/api.w.org\/{rel}","templated":true}]}}