{"id":8756,"date":"2023-03-28T15:27:29","date_gmt":"2023-03-28T12:27:29","guid":{"rendered":"https:\/\/thecey.com\/?post_type=product&#038;p=8756"},"modified":"2024-05-22T13:31:54","modified_gmt":"2024-05-22T10:31:54","slug":"fan","status":"publish","type":"product","link":"https:\/\/thecey.com\/en\/urunler\/fan\/","title":{"rendered":"FAN"},"content":{"rendered":"<pre id=\"tw-target-text\" class=\"tw-data-text tw-text-large tw-ta\" dir=\"ltr\" data-placeholder=\"\u00c7eviri\"><span class=\"Y2IQFc\" lang=\"tr\">Beyaz renkli dayan\u0131kl\u0131 ABS'den \u00fcretilmi\u015f, entegre karabinal\u0131 fan. Pille \u00e7al\u0131\u015f\u0131r.<\/span><\/pre>\n","protected":false},"excerpt":{"rendered":"<p>Beyaz renkli dayan\u0131kl\u0131 ABS&#8217;den \u00fcretilmi\u015f, entegre karabinal\u0131 fan. Pille \u00e7al\u0131\u015f\u0131r.<\/p>\n","protected":false},"featured_media":8757,"comment_status":"open","ping_status":"closed","template":"","meta":[],"product_brand":[],"product_cat":[18],"product_tag":[],"class_list":{"0":"post-8756","1":"product","2":"type-product","3":"status-publish","4":"has-post-thumbnail","6":"product_cat-elektronik-urunler","8":"first","9":"instock","10":"shipping-taxable","11":"product-type-simple"},"_links":{"self":[{"href":"https:\/\/thecey.com\/en\/wp-json\/wp\/v2\/product\/8756\/"}],"collection":[{"href":"https:\/\/thecey.com\/en\/wp-json\/wp\/v2\/product\/"}],"about":[{"href":"https:\/\/thecey.com\/en\/wp-json\/wp\/v2\/types\/product\/"}],"replies":[{"embeddable":true,"href":"https:\/\/thecey.com\/en\/wp-json\/wp\/v2\/comments\/?post=8756"}],"wp:featuredmedia":[{"embeddable":true,"href":"https:\/\/thecey.com\/en\/wp-json\/wp\/v2\/media\/8757\/"}],"wp:attachment":[{"href":"https:\/\/thecey.com\/en\/wp-json\/wp\/v2\/media\/?parent=8756"}],"wp:term":[{"taxonomy":"product_brand","embeddable":true,"href":"https:\/\/thecey.com\/en\/wp-json\/wp\/v2\/product_brand\/?post=8756"},{"taxonomy":"product_cat","embeddable":true,"href":"https:\/\/thecey.com\/en\/wp-json\/wp\/v2\/product_cat\/?post=8756"},{"taxonomy":"product_tag","embeddable":true,"href":"https:\/\/thecey.com\/en\/wp-json\/wp\/v2\/product_tag\/?post=8756"}],"curies":[{"name":"wp","href":"https:\/\/api.w.org\/{rel}","templated":true}]}}