{"id":8598,"date":"2023-01-10T10:20:09","date_gmt":"2023-01-10T07:20:09","guid":{"rendered":"https:\/\/thecey.com\/?post_type=product&#038;p=8598"},"modified":"2023-01-10T10:20:09","modified_gmt":"2023-01-10T07:20:09","slug":"schneider-skyton","status":"publish","type":"product","link":"https:\/\/thecey.com\/en\/urunler\/schneider-skyton\/","title":{"rendered":"Schneider Skyton"},"content":{"rendered":"","protected":false},"excerpt":{"rendered":"<p>\u2018Climate Partner\u2019 sertifikal\u0131, opak ve \u015feffaf g\u00f6vdesi ile SCHNEIDER kalitesinden vazge\u00e7emeyenlerin \u00e7ok sevece\u011fi yeni model SKYTON sizlerle! Yeni \u015feffaf g\u00f6vde renkleri ile markan\u0131za \u00f6zel ki\u015fiselle\u015ftirerek promosyonda fark yarat\u0131n..<\/p>\n","protected":false},"featured_media":8589,"comment_status":"open","ping_status":"closed","template":"","meta":[],"product_brand":[],"product_cat":[1374,744,1401,119,50,116],"product_tag":[680,178,120,117,26,27,181,813,175,652,1651,779,182,1414,183,1648,686],"class_list":{"0":"post-8598","1":"product","2":"type-product","3":"status-publish","4":"has-post-thumbnail","6":"product_cat-ekolojik-urunler","7":"product_cat-baskili-urunler","8":"product_cat-eco-product","9":"product_cat-eko-kalem","10":"product_cat-kalem","11":"product_cat-tukenmez-kalem","12":"product_tag-alman-kalemi","13":"product_tag-avrupa-kalem","14":"product_tag-baskili-kalem","15":"product_tag-european-pen","16":"product_tag-fuar-promosyon-urunleri","17":"product_tag-kaliteli-baski","18":"product_tag-kaliteli-kalem","19":"product_tag-kaliteli-promosyon","20":"product_tag-kaliteli-promosyon-urunleri","21":"product_tag-kaliteli-promosyon-urunu","22":"product_tag-pen","23":"product_tag-promosyon","24":"product_tag-promosyon-kalem","25":"product_tag-promotion","26":"product_tag-quality-pen","27":"product_tag-schneider","28":"product_tag-schneider-kalem","30":"first","31":"instock","32":"shipping-taxable","33":"product-type-simple"},"_links":{"self":[{"href":"https:\/\/thecey.com\/en\/wp-json\/wp\/v2\/product\/8598\/"}],"collection":[{"href":"https:\/\/thecey.com\/en\/wp-json\/wp\/v2\/product\/"}],"about":[{"href":"https:\/\/thecey.com\/en\/wp-json\/wp\/v2\/types\/product\/"}],"replies":[{"embeddable":true,"href":"https:\/\/thecey.com\/en\/wp-json\/wp\/v2\/comments\/?post=8598"}],"wp:featuredmedia":[{"embeddable":true,"href":"https:\/\/thecey.com\/en\/wp-json\/wp\/v2\/media\/8589\/"}],"wp:attachment":[{"href":"https:\/\/thecey.com\/en\/wp-json\/wp\/v2\/media\/?parent=8598"}],"wp:term":[{"taxonomy":"product_brand","embeddable":true,"href":"https:\/\/thecey.com\/en\/wp-json\/wp\/v2\/product_brand\/?post=8598"},{"taxonomy":"product_cat","embeddable":true,"href":"https:\/\/thecey.com\/en\/wp-json\/wp\/v2\/product_cat\/?post=8598"},{"taxonomy":"product_tag","embeddable":true,"href":"https:\/\/thecey.com\/en\/wp-json\/wp\/v2\/product_tag\/?post=8598"}],"curies":[{"name":"wp","href":"https:\/\/api.w.org\/{rel}","templated":true}]}}