{"id":8483,"date":"2022-10-23T16:24:48","date_gmt":"2022-10-23T13:24:48","guid":{"rendered":"https:\/\/thecey.com\/?post_type=product&#038;p=8483"},"modified":"2024-03-19T06:12:03","modified_gmt":"2024-03-19T03:12:03","slug":"kraft-gida-kutusu","status":"publish","type":"product","link":"https:\/\/thecey.com\/en\/urunler\/kraft-gida-kutusu\/","title":{"rendered":"Kraft G\u0131da Kutusu"},"content":{"rendered":"","protected":false},"excerpt":{"rendered":"<p>Kraft paketleme ve kutular \u00fcr\u00fcnlerinize \u00fcst derece katma de\u011fer sa\u011flamaktad\u0131r 16oz, 20oz, 26oz, 32oz ve 38oz gibi kapasitelere sahiptir.G\u0131da Sekt\u00f6r\u00fc i\u00e7in uygun olan bu kutular i\u00e7 i\u00e7e paketlenebilmektedirler.<\/p>\n","protected":false},"featured_media":8486,"comment_status":"open","ping_status":"closed","template":"","meta":[],"product_brand":[],"product_cat":[1401,2181],"product_tag":[2205,2206,2207,2204],"class_list":{"0":"post-8483","1":"product","2":"type-product","3":"status-publish","4":"has-post-thumbnail","6":"product_cat-eco-product","7":"product_cat-kutu-ve-paketleme-urunleri","8":"product_tag-eco-food-box","9":"product_tag-ekolojik-yemek-kutusu","10":"product_tag-kraft-gida-kutusu","11":"product_tag-kraft-soup-box","13":"first","14":"instock","15":"shipping-taxable","16":"product-type-simple"},"_links":{"self":[{"href":"https:\/\/thecey.com\/en\/wp-json\/wp\/v2\/product\/8483\/"}],"collection":[{"href":"https:\/\/thecey.com\/en\/wp-json\/wp\/v2\/product\/"}],"about":[{"href":"https:\/\/thecey.com\/en\/wp-json\/wp\/v2\/types\/product\/"}],"replies":[{"embeddable":true,"href":"https:\/\/thecey.com\/en\/wp-json\/wp\/v2\/comments\/?post=8483"}],"wp:featuredmedia":[{"embeddable":true,"href":"https:\/\/thecey.com\/en\/wp-json\/wp\/v2\/media\/8486\/"}],"wp:attachment":[{"href":"https:\/\/thecey.com\/en\/wp-json\/wp\/v2\/media\/?parent=8483"}],"wp:term":[{"taxonomy":"product_brand","embeddable":true,"href":"https:\/\/thecey.com\/en\/wp-json\/wp\/v2\/product_brand\/?post=8483"},{"taxonomy":"product_cat","embeddable":true,"href":"https:\/\/thecey.com\/en\/wp-json\/wp\/v2\/product_cat\/?post=8483"},{"taxonomy":"product_tag","embeddable":true,"href":"https:\/\/thecey.com\/en\/wp-json\/wp\/v2\/product_tag\/?post=8483"}],"curies":[{"name":"wp","href":"https:\/\/api.w.org\/{rel}","templated":true}]}}