{"id":8478,"date":"2022-10-23T16:11:28","date_gmt":"2022-10-23T13:11:28","guid":{"rendered":"https:\/\/thecey.com\/?post_type=product&#038;p=8478"},"modified":"2022-10-23T16:11:28","modified_gmt":"2022-10-23T13:11:28","slug":"dondurma-kutusu","status":"publish","type":"product","link":"https:\/\/thecey.com\/en\/urunler\/dondurma-kutusu\/","title":{"rendered":"Dondurma Kutusu"},"content":{"rendered":"","protected":false},"excerpt":{"rendered":"<p>Dondurma kutular\u0131 \u00f6zellikle gel al veya g\u00f6nderimlerde \u00e7ok \u00f6nemli unsura sahiptir. Markan\u0131z\u0131 ve g\u00f6rselinizin \u00fcst seviyede kutuya yans\u0131tmaktay\u0131z. Kutular\u0131 8oz (230ml) dan 85oz (2500ml) a kadar \u00fcretmekteyiz. Ka\u011f\u0131t ve pp &#8216;den yap\u0131lmaktad\u0131r. End\u00fcstriyel sekt\u00f6rler oldu\u011fu i\u00e7in minimum 16000 adet sipari\u015f kabul edilir.<\/p>\n","protected":false},"featured_media":8481,"comment_status":"open","ping_status":"closed","template":"","meta":[],"product_brand":[],"product_cat":[2181],"product_tag":[2203,2200,2201,2199,2202],"class_list":{"0":"post-8478","1":"product","2":"type-product","3":"status-publish","4":"has-post-thumbnail","6":"product_cat-kutu-ve-paketleme-urunleri","7":"product_tag-baskili-dondurma-paketleri","8":"product_tag-dondurma-kutusu","9":"product_tag-ice-cream-boxes","10":"product_tag-ice-cream-cups","11":"product_tag-printed-ice-cream-cups","13":"first","14":"instock","15":"shipping-taxable","16":"product-type-simple"},"_links":{"self":[{"href":"https:\/\/thecey.com\/en\/wp-json\/wp\/v2\/product\/8478\/"}],"collection":[{"href":"https:\/\/thecey.com\/en\/wp-json\/wp\/v2\/product\/"}],"about":[{"href":"https:\/\/thecey.com\/en\/wp-json\/wp\/v2\/types\/product\/"}],"replies":[{"embeddable":true,"href":"https:\/\/thecey.com\/en\/wp-json\/wp\/v2\/comments\/?post=8478"}],"wp:featuredmedia":[{"embeddable":true,"href":"https:\/\/thecey.com\/en\/wp-json\/wp\/v2\/media\/8481\/"}],"wp:attachment":[{"href":"https:\/\/thecey.com\/en\/wp-json\/wp\/v2\/media\/?parent=8478"}],"wp:term":[{"taxonomy":"product_brand","embeddable":true,"href":"https:\/\/thecey.com\/en\/wp-json\/wp\/v2\/product_brand\/?post=8478"},{"taxonomy":"product_cat","embeddable":true,"href":"https:\/\/thecey.com\/en\/wp-json\/wp\/v2\/product_cat\/?post=8478"},{"taxonomy":"product_tag","embeddable":true,"href":"https:\/\/thecey.com\/en\/wp-json\/wp\/v2\/product_tag\/?post=8478"}],"curies":[{"name":"wp","href":"https:\/\/api.w.org\/{rel}","templated":true}]}}