{"id":8444,"date":"2022-10-22T21:31:35","date_gmt":"2022-10-22T18:31:35","guid":{"rendered":"https:\/\/thecey.com\/?post_type=product&#038;p=8444"},"modified":"2024-03-19T08:12:12","modified_gmt":"2024-03-19T05:12:12","slug":"https-thecey-com-en-products","status":"publish","type":"product","link":"https:\/\/thecey.com\/en\/urunler\/https-thecey-com-en-products\/","title":{"rendered":"Ultrasonik Non Woven \u00c7anta"},"content":{"rendered":"","protected":false},"excerpt":{"rendered":"<p>Her t\u00fcrl\u00fc etkinlik,al\u0131\u015fveri\u015f ve g\u00f6nderimde olmazsa olmaz Non-Woven \u00e7antalar. \u0130stenen boyutta, 60grm dan 150grm&#8217;a kadar iste\u011fe \u00f6zel \u00fcretim. \u00d6zel flexo bask\u0131 yap\u0131l\u0131r. Ayr\u0131ca yandan ve\/veya tabandan k\u00f6r\u00fck istenilen \u015fekilde uygulan\u0131r.<\/p>\n","protected":false},"featured_media":8455,"comment_status":"open","ping_status":"closed","template":"","meta":[],"product_brand":[],"product_cat":[424,1359,917],"product_tag":[2183,2188,2190,2191,2185,2182,2187,2184,2186,2189],"class_list":{"0":"post-8444","1":"product","2":"type-product","3":"status-publish","4":"has-post-thumbnail","6":"product_cat-ihrac-urunleri","7":"product_cat-geri-donusumlu-urunler","8":"product_cat-promo-canta","9":"product_tag-alisveris-cantasi","10":"product_tag-bottle-bag","11":"product_tag-food-bag","12":"product_tag-gida-cantasi","13":"product_tag-market-cantasi","14":"product_tag-non-woven-canta","15":"product_tag-pizza-bag","16":"product_tag-pizza-cantasi","17":"product_tag-shopping-bag","18":"product_tag-ultrasonic-bag","20":"first","21":"instock","22":"shipping-taxable","23":"product-type-simple"},"_links":{"self":[{"href":"https:\/\/thecey.com\/en\/wp-json\/wp\/v2\/product\/8444\/"}],"collection":[{"href":"https:\/\/thecey.com\/en\/wp-json\/wp\/v2\/product\/"}],"about":[{"href":"https:\/\/thecey.com\/en\/wp-json\/wp\/v2\/types\/product\/"}],"replies":[{"embeddable":true,"href":"https:\/\/thecey.com\/en\/wp-json\/wp\/v2\/comments\/?post=8444"}],"wp:featuredmedia":[{"embeddable":true,"href":"https:\/\/thecey.com\/en\/wp-json\/wp\/v2\/media\/8455\/"}],"wp:attachment":[{"href":"https:\/\/thecey.com\/en\/wp-json\/wp\/v2\/media\/?parent=8444"}],"wp:term":[{"taxonomy":"product_brand","embeddable":true,"href":"https:\/\/thecey.com\/en\/wp-json\/wp\/v2\/product_brand\/?post=8444"},{"taxonomy":"product_cat","embeddable":true,"href":"https:\/\/thecey.com\/en\/wp-json\/wp\/v2\/product_cat\/?post=8444"},{"taxonomy":"product_tag","embeddable":true,"href":"https:\/\/thecey.com\/en\/wp-json\/wp\/v2\/product_tag\/?post=8444"}],"curies":[{"name":"wp","href":"https:\/\/api.w.org\/{rel}","templated":true}]}}