{"id":8387,"date":"2022-10-02T22:35:46","date_gmt":"2022-10-02T19:35:46","guid":{"rendered":"https:\/\/thecey.com\/?post_type=product&#038;p=8387"},"modified":"2022-10-02T22:35:46","modified_gmt":"2022-10-02T19:35:46","slug":"led-hediye-seti","status":"publish","type":"product","link":"https:\/\/thecey.com\/en\/urunler\/led-hediye-seti\/","title":{"rendered":"Led Hediye Seti"},"content":{"rendered":"","protected":false},"excerpt":{"rendered":"<p>Logonuzun parlamas\u0131n\u0131 ister misiniz? Led Hediye Seti tam size g\u00f6re bir se\u00e7enek. \u0130\u00e7eriK: A5 Not Defteri, 10000mAh Led Powerbank,Led T\u00fckenmez Kalem,Led \u015earj Kablosu. Bask\u0131:Lazer-Dijital<\/p>\n","protected":false},"featured_media":8388,"comment_status":"open","ping_status":"closed","template":"","meta":[],"product_brand":[],"product_cat":[935,16,1088],"product_tag":[2161,1628,2159,2158,2162,2160,1848,2156],"class_list":{"0":"post-8387","1":"product","2":"type-product","3":"status-publish","4":"has-post-thumbnail","6":"product_cat-essiz-urunler","7":"product_cat-genel","8":"product_cat-kutulu-hediye-setleri","9":"product_tag-isikli-hediye-seti","10":"product_tag-isikli-powerbank","11":"product_tag-led-giftbox","12":"product_tag-led-hediye-seti","13":"product_tag-led-isikli-hediye-seti","14":"product_tag-led-light-box","15":"product_tag-promsoyon-vip-set","16":"product_tag-souvenir-gift-set","18":"first","19":"instock","20":"shipping-taxable","21":"product-type-simple"},"_links":{"self":[{"href":"https:\/\/thecey.com\/en\/wp-json\/wp\/v2\/product\/8387\/"}],"collection":[{"href":"https:\/\/thecey.com\/en\/wp-json\/wp\/v2\/product\/"}],"about":[{"href":"https:\/\/thecey.com\/en\/wp-json\/wp\/v2\/types\/product\/"}],"replies":[{"embeddable":true,"href":"https:\/\/thecey.com\/en\/wp-json\/wp\/v2\/comments\/?post=8387"}],"wp:featuredmedia":[{"embeddable":true,"href":"https:\/\/thecey.com\/en\/wp-json\/wp\/v2\/media\/8388\/"}],"wp:attachment":[{"href":"https:\/\/thecey.com\/en\/wp-json\/wp\/v2\/media\/?parent=8387"}],"wp:term":[{"taxonomy":"product_brand","embeddable":true,"href":"https:\/\/thecey.com\/en\/wp-json\/wp\/v2\/product_brand\/?post=8387"},{"taxonomy":"product_cat","embeddable":true,"href":"https:\/\/thecey.com\/en\/wp-json\/wp\/v2\/product_cat\/?post=8387"},{"taxonomy":"product_tag","embeddable":true,"href":"https:\/\/thecey.com\/en\/wp-json\/wp\/v2\/product_tag\/?post=8387"}],"curies":[{"name":"wp","href":"https:\/\/api.w.org\/{rel}","templated":true}]}}