{"id":8378,"date":"2022-10-02T22:22:50","date_gmt":"2022-10-02T19:22:50","guid":{"rendered":"https:\/\/thecey.com\/?post_type=product&#038;p=8378"},"modified":"2023-06-20T11:25:09","modified_gmt":"2023-06-20T08:25:09","slug":"renkli-hediye-seti","status":"publish","type":"product","link":"https:\/\/thecey.com\/en\/urunler\/renkli-hediye-seti\/","title":{"rendered":"Renkli Hediye Seti"},"content":{"rendered":"","protected":false},"excerpt":{"rendered":"<p>\u00c7ok \u00e7e\u015fit renk opsiyonuyla yeni setimiz sizlerle.\u0130\u00e7erik: A5 Not Defteri, Metal T\u00fckenmez Kalem, Suni Deri Metal Kartl\u0131k, Sunider Metal anahtarl\u0131k. Bask\u0131: Dijital-S\u0131cak-Damla<\/p>\n","protected":false},"featured_media":8385,"comment_status":"open","ping_status":"closed","template":"","meta":[],"product_brand":[],"product_cat":[935,16,1088],"product_tag":[2153,2150,2154,2156,2155,2157],"class_list":{"0":"post-8378","1":"product","2":"type-product","3":"status-publish","4":"has-post-thumbnail","6":"product_cat-essiz-urunler","7":"product_cat-genel","8":"product_cat-kutulu-hediye-setleri","9":"product_tag-colored-gift-set","10":"product_tag-kutulu-hediye-setleri","11":"product_tag-renki-hediye-seti","12":"product_tag-souvenir-gift-set","13":"product_tag-vip-hediye-seti","14":"product_tag-yeni-yil-setleri","16":"first","17":"instock","18":"shipping-taxable","19":"product-type-simple"},"_links":{"self":[{"href":"https:\/\/thecey.com\/en\/wp-json\/wp\/v2\/product\/8378\/"}],"collection":[{"href":"https:\/\/thecey.com\/en\/wp-json\/wp\/v2\/product\/"}],"about":[{"href":"https:\/\/thecey.com\/en\/wp-json\/wp\/v2\/types\/product\/"}],"replies":[{"embeddable":true,"href":"https:\/\/thecey.com\/en\/wp-json\/wp\/v2\/comments\/?post=8378"}],"wp:featuredmedia":[{"embeddable":true,"href":"https:\/\/thecey.com\/en\/wp-json\/wp\/v2\/media\/8385\/"}],"wp:attachment":[{"href":"https:\/\/thecey.com\/en\/wp-json\/wp\/v2\/media\/?parent=8378"}],"wp:term":[{"taxonomy":"product_brand","embeddable":true,"href":"https:\/\/thecey.com\/en\/wp-json\/wp\/v2\/product_brand\/?post=8378"},{"taxonomy":"product_cat","embeddable":true,"href":"https:\/\/thecey.com\/en\/wp-json\/wp\/v2\/product_cat\/?post=8378"},{"taxonomy":"product_tag","embeddable":true,"href":"https:\/\/thecey.com\/en\/wp-json\/wp\/v2\/product_tag\/?post=8378"}],"curies":[{"name":"wp","href":"https:\/\/api.w.org\/{rel}","templated":true}]}}