{"id":8372,"date":"2022-10-02T21:49:25","date_gmt":"2022-10-02T18:49:25","guid":{"rendered":"https:\/\/thecey.com\/?post_type=product&#038;p=8372"},"modified":"2024-03-19T00:59:00","modified_gmt":"2024-03-18T21:59:00","slug":"piramid-hediye-seti","status":"publish","type":"product","link":"https:\/\/thecey.com\/en\/urunler\/piramid-hediye-seti\/","title":{"rendered":"Piramid Hediye Seti"},"content":{"rendered":"","protected":false},"excerpt":{"rendered":"<p>\u0130siminden de anla\u015f\u0131laca\u011f\u0131 gibi alt\u0131n yald\u0131zl\u0131 piramit kutu i\u00e7erisinde: 10000mAH Powerbank, A5 \u00c7izgili note defteri ve Roller Kalem. Bask\u0131: Dijital veya S\u0131cak Bask\u0131. Farkl\u0131 hediye seti arayanlar i\u00e7in ideal bir \u00fcr\u00fcn.<\/p>\n","protected":false},"featured_media":8375,"comment_status":"open","ping_status":"closed","template":"","meta":[],"product_brand":[],"product_cat":[935,16,1088,304],"product_tag":[2152,280,2149,2150,2151],"class_list":{"0":"post-8372","1":"product","2":"type-product","3":"status-publish","4":"has-post-thumbnail","6":"product_cat-essiz-urunler","7":"product_cat-genel","8":"product_cat-kutulu-hediye-setleri","9":"product_cat-thecey","10":"product_tag-boxed-gift-sets","11":"product_tag-gift-box","12":"product_tag-hediye-setleri","13":"product_tag-kutulu-hediye-setleri","14":"product_tag-vip-hediye-setleri","16":"first","17":"instock","18":"shipping-taxable","19":"product-type-simple"},"_links":{"self":[{"href":"https:\/\/thecey.com\/en\/wp-json\/wp\/v2\/product\/8372\/"}],"collection":[{"href":"https:\/\/thecey.com\/en\/wp-json\/wp\/v2\/product\/"}],"about":[{"href":"https:\/\/thecey.com\/en\/wp-json\/wp\/v2\/types\/product\/"}],"replies":[{"embeddable":true,"href":"https:\/\/thecey.com\/en\/wp-json\/wp\/v2\/comments\/?post=8372"}],"wp:featuredmedia":[{"embeddable":true,"href":"https:\/\/thecey.com\/en\/wp-json\/wp\/v2\/media\/8375\/"}],"wp:attachment":[{"href":"https:\/\/thecey.com\/en\/wp-json\/wp\/v2\/media\/?parent=8372"}],"wp:term":[{"taxonomy":"product_brand","embeddable":true,"href":"https:\/\/thecey.com\/en\/wp-json\/wp\/v2\/product_brand\/?post=8372"},{"taxonomy":"product_cat","embeddable":true,"href":"https:\/\/thecey.com\/en\/wp-json\/wp\/v2\/product_cat\/?post=8372"},{"taxonomy":"product_tag","embeddable":true,"href":"https:\/\/thecey.com\/en\/wp-json\/wp\/v2\/product_tag\/?post=8372"}],"curies":[{"name":"wp","href":"https:\/\/api.w.org\/{rel}","templated":true}]}}