{"id":8365,"date":"2022-10-01T13:34:15","date_gmt":"2022-10-01T10:34:15","guid":{"rendered":"https:\/\/thecey.com\/?post_type=product&#038;p=8365"},"modified":"2024-03-19T09:08:18","modified_gmt":"2024-03-19T06:08:18","slug":"retro-deri-viski-matarasi","status":"publish","type":"product","link":"https:\/\/thecey.com\/en\/urunler\/retro-deri-viski-matarasi\/","title":{"rendered":"Retro Deri Viski Mataras\u0131"},"content":{"rendered":"","protected":false},"excerpt":{"rendered":"<p>Viski severler ve koleksiyonerler i\u00e7in g\u00fczel bir hediye talep ederseniz bu \u00fcr\u00fcn tam size g\u00f6re. Deri viski mataras\u0131 ile logonuz hep kal\u0131c\u0131 olsun.<\/p>\n","protected":false},"featured_media":8368,"comment_status":"open","ping_status":"closed","template":"","meta":[],"product_brand":[],"product_cat":[935,440,16,424,824],"product_tag":[2144,2145,2146,2143,2147,2148],"class_list":{"0":"post-8365","1":"product","2":"type-product","3":"status-publish","4":"has-post-thumbnail","6":"product_cat-essiz-urunler","7":"product_cat-deri-urunler","8":"product_cat-genel","9":"product_cat-ihrac-urunleri","10":"product_cat-mugs-flasks","11":"product_tag-deri-matara","12":"product_tag-leather-whiskey-flask","13":"product_tag-retro-flask","14":"product_tag-viski-matarasi","15":"product_tag-viskisever-urunleri","16":"product_tag-whiskeylover-products","18":"first","19":"instock","20":"shipping-taxable","21":"product-type-simple"},"_links":{"self":[{"href":"https:\/\/thecey.com\/en\/wp-json\/wp\/v2\/product\/8365\/"}],"collection":[{"href":"https:\/\/thecey.com\/en\/wp-json\/wp\/v2\/product\/"}],"about":[{"href":"https:\/\/thecey.com\/en\/wp-json\/wp\/v2\/types\/product\/"}],"replies":[{"embeddable":true,"href":"https:\/\/thecey.com\/en\/wp-json\/wp\/v2\/comments\/?post=8365"}],"wp:featuredmedia":[{"embeddable":true,"href":"https:\/\/thecey.com\/en\/wp-json\/wp\/v2\/media\/8368\/"}],"wp:attachment":[{"href":"https:\/\/thecey.com\/en\/wp-json\/wp\/v2\/media\/?parent=8365"}],"wp:term":[{"taxonomy":"product_brand","embeddable":true,"href":"https:\/\/thecey.com\/en\/wp-json\/wp\/v2\/product_brand\/?post=8365"},{"taxonomy":"product_cat","embeddable":true,"href":"https:\/\/thecey.com\/en\/wp-json\/wp\/v2\/product_cat\/?post=8365"},{"taxonomy":"product_tag","embeddable":true,"href":"https:\/\/thecey.com\/en\/wp-json\/wp\/v2\/product_tag\/?post=8365"}],"curies":[{"name":"wp","href":"https:\/\/api.w.org\/{rel}","templated":true}]}}