{"id":8358,"date":"2022-10-01T13:20:49","date_gmt":"2022-10-01T10:20:49","guid":{"rendered":"https:\/\/thecey.com\/?post_type=product&#038;p=8358"},"modified":"2022-10-01T13:20:49","modified_gmt":"2022-10-01T10:20:49","slug":"premium-deri-telefon-cuzdani","status":"publish","type":"product","link":"https:\/\/thecey.com\/en\/urunler\/premium-deri-telefon-cuzdani\/","title":{"rendered":"Premium Deri Telefon C\u00fczdan\u0131"},"content":{"rendered":"","protected":false},"excerpt":{"rendered":"<p>Hem telefon veya 2 telefonunuz hem kartlar\u0131n\u0131z\u0131 bir arada ta\u015f\u0131mak i\u00e7in kaliteli deriden yap\u0131lm\u0131\u015f c\u00fczdan\u0131n\u0131zla her\u015fey bir arada. Logonuz ile benzersiz bir hediye verebilirsiniz.<\/p>\n","protected":false},"featured_media":8361,"comment_status":"open","ping_status":"closed","template":"","meta":[],"product_brand":[],"product_cat":[935,440,16,424,653],"product_tag":[2138,2139,2140,2141,2142,2137],"class_list":{"0":"post-8358","1":"product","2":"type-product","3":"status-publish","4":"has-post-thumbnail","6":"product_cat-essiz-urunler","7":"product_cat-deri-urunler","8":"product_cat-genel","9":"product_cat-ihrac-urunleri","10":"product_cat-made-in-turkey","11":"product_tag-deri-cuzdan","12":"product_tag-deri-kartlik","13":"product_tag-leather-organizer","14":"product_tag-leather-phone-wallet","15":"product_tag-leather-protfolio","16":"product_tag-telefon-cuzdani","18":"first","19":"instock","20":"shipping-taxable","21":"product-type-simple"},"_links":{"self":[{"href":"https:\/\/thecey.com\/en\/wp-json\/wp\/v2\/product\/8358\/"}],"collection":[{"href":"https:\/\/thecey.com\/en\/wp-json\/wp\/v2\/product\/"}],"about":[{"href":"https:\/\/thecey.com\/en\/wp-json\/wp\/v2\/types\/product\/"}],"replies":[{"embeddable":true,"href":"https:\/\/thecey.com\/en\/wp-json\/wp\/v2\/comments\/?post=8358"}],"wp:featuredmedia":[{"embeddable":true,"href":"https:\/\/thecey.com\/en\/wp-json\/wp\/v2\/media\/8361\/"}],"wp:attachment":[{"href":"https:\/\/thecey.com\/en\/wp-json\/wp\/v2\/media\/?parent=8358"}],"wp:term":[{"taxonomy":"product_brand","embeddable":true,"href":"https:\/\/thecey.com\/en\/wp-json\/wp\/v2\/product_brand\/?post=8358"},{"taxonomy":"product_cat","embeddable":true,"href":"https:\/\/thecey.com\/en\/wp-json\/wp\/v2\/product_cat\/?post=8358"},{"taxonomy":"product_tag","embeddable":true,"href":"https:\/\/thecey.com\/en\/wp-json\/wp\/v2\/product_tag\/?post=8358"}],"curies":[{"name":"wp","href":"https:\/\/api.w.org\/{rel}","templated":true}]}}