{"id":8352,"date":"2022-10-01T13:10:35","date_gmt":"2022-10-01T10:10:35","guid":{"rendered":"https:\/\/thecey.com\/?post_type=product&#038;p=8352"},"modified":"2022-10-01T13:11:49","modified_gmt":"2022-10-01T10:11:49","slug":"premium-deri-saraplik","status":"publish","type":"product","link":"https:\/\/thecey.com\/en\/urunler\/premium-deri-saraplik\/","title":{"rendered":"Premium Deri \u015earapl\u0131k"},"content":{"rendered":"","protected":false},"excerpt":{"rendered":"<p>\u015earaplar\u0131n\u0131z\u0131 en \u00f6zel \u015fekilde sunmak isterseniz. Tam size g\u00f6re bir \u00fcr\u00fcn.\u0130stenen logo ile teslim edilir.<\/p>\n","protected":false},"featured_media":8353,"comment_status":"open","ping_status":"closed","template":"","meta":[],"product_brand":[],"product_cat":[440,935,16,653],"product_tag":[889,2136,2133,2135,2134],"class_list":{"0":"post-8352","1":"product","2":"type-product","3":"status-publish","4":"has-post-thumbnail","6":"product_cat-deri-urunler","7":"product_cat-essiz-urunler","8":"product_cat-genel","9":"product_cat-made-in-turkey","10":"product_tag-deri-saraplik","11":"product_tag-kaliteli-deri-saraplik","12":"product_tag-premium-wineholder","13":"product_tag-sarap-tutucu","14":"product_tag-wine-holder","16":"first","17":"instock","18":"shipping-taxable","19":"product-type-simple"},"_links":{"self":[{"href":"https:\/\/thecey.com\/en\/wp-json\/wp\/v2\/product\/8352\/"}],"collection":[{"href":"https:\/\/thecey.com\/en\/wp-json\/wp\/v2\/product\/"}],"about":[{"href":"https:\/\/thecey.com\/en\/wp-json\/wp\/v2\/types\/product\/"}],"replies":[{"embeddable":true,"href":"https:\/\/thecey.com\/en\/wp-json\/wp\/v2\/comments\/?post=8352"}],"wp:featuredmedia":[{"embeddable":true,"href":"https:\/\/thecey.com\/en\/wp-json\/wp\/v2\/media\/8353\/"}],"wp:attachment":[{"href":"https:\/\/thecey.com\/en\/wp-json\/wp\/v2\/media\/?parent=8352"}],"wp:term":[{"taxonomy":"product_brand","embeddable":true,"href":"https:\/\/thecey.com\/en\/wp-json\/wp\/v2\/product_brand\/?post=8352"},{"taxonomy":"product_cat","embeddable":true,"href":"https:\/\/thecey.com\/en\/wp-json\/wp\/v2\/product_cat\/?post=8352"},{"taxonomy":"product_tag","embeddable":true,"href":"https:\/\/thecey.com\/en\/wp-json\/wp\/v2\/product_tag\/?post=8352"}],"curies":[{"name":"wp","href":"https:\/\/api.w.org\/{rel}","templated":true}]}}