{"id":8342,"date":"2022-10-01T10:52:47","date_gmt":"2022-10-01T07:52:47","guid":{"rendered":"https:\/\/thecey.com\/?post_type=product&#038;p=8342"},"modified":"2022-10-01T10:53:10","modified_gmt":"2022-10-01T07:53:10","slug":"retro-deri-bira-tasiyici","status":"publish","type":"product","link":"https:\/\/thecey.com\/en\/urunler\/retro-deri-bira-tasiyici\/","title":{"rendered":"Retro Deri Bira Ta\u015f\u0131y\u0131c\u0131"},"content":{"rendered":"","protected":false},"excerpt":{"rendered":"<p>Biralar\u0131n\u0131z\u0131 kaliteli bir deri k\u0131l\u0131fla sunmak hem biran\u0131n hem de kurumunuzun prestijini artt\u0131racakt\u0131r. Kaliteli deri malzememiz uzun soluklu bir kullan\u0131m sa\u011flayacakt\u0131r.<\/p>\n","protected":false},"featured_media":8349,"comment_status":"open","ping_status":"closed","template":"","meta":[],"product_brand":[],"product_cat":[440,935,16],"product_tag":[2127,2126,2128,2130,2129,2132,2131],"class_list":{"0":"post-8342","1":"product","2":"type-product","3":"status-publish","4":"has-post-thumbnail","6":"product_cat-deri-urunler","7":"product_cat-essiz-urunler","8":"product_cat-genel","9":"product_tag-beer-bag","10":"product_tag-beer-holder","11":"product_tag-beer-leather-bag","12":"product_tag-bira-cantasi","13":"product_tag-deri-bira-cantasi","14":"product_tag-genuine-leather-production","15":"product_tag-souvenir-leather","17":"first","18":"instock","19":"shipping-taxable","20":"product-type-simple"},"_links":{"self":[{"href":"https:\/\/thecey.com\/en\/wp-json\/wp\/v2\/product\/8342\/"}],"collection":[{"href":"https:\/\/thecey.com\/en\/wp-json\/wp\/v2\/product\/"}],"about":[{"href":"https:\/\/thecey.com\/en\/wp-json\/wp\/v2\/types\/product\/"}],"replies":[{"embeddable":true,"href":"https:\/\/thecey.com\/en\/wp-json\/wp\/v2\/comments\/?post=8342"}],"wp:featuredmedia":[{"embeddable":true,"href":"https:\/\/thecey.com\/en\/wp-json\/wp\/v2\/media\/8349\/"}],"wp:attachment":[{"href":"https:\/\/thecey.com\/en\/wp-json\/wp\/v2\/media\/?parent=8342"}],"wp:term":[{"taxonomy":"product_brand","embeddable":true,"href":"https:\/\/thecey.com\/en\/wp-json\/wp\/v2\/product_brand\/?post=8342"},{"taxonomy":"product_cat","embeddable":true,"href":"https:\/\/thecey.com\/en\/wp-json\/wp\/v2\/product_cat\/?post=8342"},{"taxonomy":"product_tag","embeddable":true,"href":"https:\/\/thecey.com\/en\/wp-json\/wp\/v2\/product_tag\/?post=8342"}],"curies":[{"name":"wp","href":"https:\/\/api.w.org\/{rel}","templated":true}]}}