{"id":8276,"date":"2022-08-24T16:53:37","date_gmt":"2022-08-24T13:53:37","guid":{"rendered":"https:\/\/thecey.com\/?post_type=product&#038;p=8276"},"modified":"2024-03-19T01:01:59","modified_gmt":"2024-03-18T22:01:59","slug":"thecey-masaustu-bambu-organizer-017","status":"publish","type":"product","link":"https:\/\/thecey.com\/en\/urunler\/thecey-masaustu-bambu-organizer-017\/","title":{"rendered":"TheCey- Masa\u00fcst\u00fc Bambu Organizer -017"},"content":{"rendered":"","protected":false},"excerpt":{"rendered":"<p>Bambu masa\u00fcst\u00fc organizer<br \/>\nWireless \u015farj cihaz\u0131<br \/>\nTelefon stand\u0131<\/p>\n","protected":false},"featured_media":8277,"comment_status":"open","ping_status":"closed","template":"","meta":[],"product_brand":[],"product_cat":[935,1374,18],"product_tag":[1919,1240,1158,1817,1949,738,2114,1814],"class_list":{"0":"post-8276","1":"product","2":"type-product","3":"status-publish","4":"has-post-thumbnail","6":"product_cat-essiz-urunler","7":"product_cat-ekolojik-urunler","8":"product_cat-elektronik-urunler","9":"product_tag-bamboo","10":"product_tag-bambu","11":"product_tag-baskili-organizer","12":"product_tag-organizer","13":"product_tag-promotion-wireless","14":"product_tag-promotional-wireless-charger","15":"product_tag-set","16":"product_tag-wireless","18":"first","19":"instock","20":"shipping-taxable","21":"product-type-simple"},"_links":{"self":[{"href":"https:\/\/thecey.com\/en\/wp-json\/wp\/v2\/product\/8276\/"}],"collection":[{"href":"https:\/\/thecey.com\/en\/wp-json\/wp\/v2\/product\/"}],"about":[{"href":"https:\/\/thecey.com\/en\/wp-json\/wp\/v2\/types\/product\/"}],"replies":[{"embeddable":true,"href":"https:\/\/thecey.com\/en\/wp-json\/wp\/v2\/comments\/?post=8276"}],"wp:featuredmedia":[{"embeddable":true,"href":"https:\/\/thecey.com\/en\/wp-json\/wp\/v2\/media\/8277\/"}],"wp:attachment":[{"href":"https:\/\/thecey.com\/en\/wp-json\/wp\/v2\/media\/?parent=8276"}],"wp:term":[{"taxonomy":"product_brand","embeddable":true,"href":"https:\/\/thecey.com\/en\/wp-json\/wp\/v2\/product_brand\/?post=8276"},{"taxonomy":"product_cat","embeddable":true,"href":"https:\/\/thecey.com\/en\/wp-json\/wp\/v2\/product_cat\/?post=8276"},{"taxonomy":"product_tag","embeddable":true,"href":"https:\/\/thecey.com\/en\/wp-json\/wp\/v2\/product_tag\/?post=8276"}],"curies":[{"name":"wp","href":"https:\/\/api.w.org\/{rel}","templated":true}]}}