{"id":8236,"date":"2022-08-18T13:15:11","date_gmt":"2022-08-18T10:15:11","guid":{"rendered":"https:\/\/thecey.com\/?post_type=product&#038;p=8236"},"modified":"2023-07-20T11:30:46","modified_gmt":"2023-07-20T08:30:46","slug":"thecey-isikli-kablosuz-sarj-cihazi","status":"publish","type":"product","link":"https:\/\/thecey.com\/en\/urunler\/thecey-isikli-kablosuz-sarj-cihazi\/","title":{"rendered":"TheCey- I\u015f\u0131kl\u0131 Kablosuz \u015earj Cihaz\u0131"},"content":{"rendered":"","protected":false},"excerpt":{"rendered":"<p>KABLOSUZ SARJ C\u0130HAZI<\/p>\n<p>I\u015eIKLI LOGO UYGULAMA ALANI<\/p>\n<p>ARKA DESTEK APARATI<\/p>\n<p>\u00d6N DESTEK APARATI<\/p>\n<p>15W KABLOSUZ HIZLI \u015eARJ<\/p>\n<p>G\u0130R\u0130\u015e: TYPE C 5V-2.1A<\/p>\n<p>A\u011eIRLIK:73 GR.<\/p>\n<p>\u00d6L\u00c7\u00dc:12,5*6,6*1,1\u00a0CM<\/p>\n","protected":false},"featured_media":8230,"comment_status":"open","ping_status":"closed","template":"","meta":[],"product_brand":[],"product_cat":[18,132],"product_tag":[2088,26,817,785,27,813,175,779,1414,1809,1586,2085,2086,2087,1814,2089],"class_list":{"0":"post-8236","1":"product","2":"type-product","3":"status-publish","4":"has-post-thumbnail","6":"product_cat-elektronik-urunler","7":"product_cat-power-bank","8":"product_tag-destekli-sarj","9":"product_tag-fuar-promosyon-urunleri","10":"product_tag-kablosuz-powerbank","11":"product_tag-kablosuz-sarj","12":"product_tag-kaliteli-baski","13":"product_tag-kaliteli-promosyon","14":"product_tag-kaliteli-promosyon-urunleri","15":"product_tag-promosyon","16":"product_tag-promotion","17":"product_tag-promotions","18":"product_tag-quality","19":"product_tag-sarj","20":"product_tag-sarj-aleti","21":"product_tag-sarj-cihazi","22":"product_tag-wireless","23":"product_tag-wireless-sarj","25":"first","26":"instock","27":"shipping-taxable","28":"product-type-simple"},"_links":{"self":[{"href":"https:\/\/thecey.com\/en\/wp-json\/wp\/v2\/product\/8236\/"}],"collection":[{"href":"https:\/\/thecey.com\/en\/wp-json\/wp\/v2\/product\/"}],"about":[{"href":"https:\/\/thecey.com\/en\/wp-json\/wp\/v2\/types\/product\/"}],"replies":[{"embeddable":true,"href":"https:\/\/thecey.com\/en\/wp-json\/wp\/v2\/comments\/?post=8236"}],"wp:featuredmedia":[{"embeddable":true,"href":"https:\/\/thecey.com\/en\/wp-json\/wp\/v2\/media\/8230\/"}],"wp:attachment":[{"href":"https:\/\/thecey.com\/en\/wp-json\/wp\/v2\/media\/?parent=8236"}],"wp:term":[{"taxonomy":"product_brand","embeddable":true,"href":"https:\/\/thecey.com\/en\/wp-json\/wp\/v2\/product_brand\/?post=8236"},{"taxonomy":"product_cat","embeddable":true,"href":"https:\/\/thecey.com\/en\/wp-json\/wp\/v2\/product_cat\/?post=8236"},{"taxonomy":"product_tag","embeddable":true,"href":"https:\/\/thecey.com\/en\/wp-json\/wp\/v2\/product_tag\/?post=8236"}],"curies":[{"name":"wp","href":"https:\/\/api.w.org\/{rel}","templated":true}]}}