{"id":7832,"date":"2022-03-25T15:15:31","date_gmt":"2022-03-25T12:15:31","guid":{"rendered":"https:\/\/thecey.com\/?post_type=product&#038;p=7832"},"modified":"2022-03-25T15:15:31","modified_gmt":"2022-03-25T12:15:31","slug":"thecey-polyamid-kumas-anahtarlik-015","status":"publish","type":"product","link":"https:\/\/thecey.com\/en\/urunler\/thecey-polyamid-kumas-anahtarlik-015\/","title":{"rendered":"TheCey- Polyamid Kuma\u015f Anahtarl\u0131k- 015"},"content":{"rendered":"<a class=\"inline-keyword from-service\" href=\"https:\/\/www.milliyet.com.tr\/haberleri\/polyamid-kumas\" target=\"_blank\" rel=\"noopener nofollow\" data-adservice-interactive-adunit=\"9927946,22425446936\/milliyet\/pembenar\/interstitial_oop\">Polyamid kuma\u015f<\/a>\u00a0ayn\u0131 zamanda naylon kuma\u015f olarak da bilinmektedir. Plastikten \u00fcretimi ger\u00e7ekle\u015ftirilmi\u015f ve y\u00fcksek \u0131s\u0131 ile bas\u0131nca maruz kalarak, belli ba\u015fl\u0131 baz\u0131 kimyasal a\u015famalar kapsam\u0131nda \u00fcretilen bir kuma\u015f oldu\u011funu s\u00f6ylemek m\u00fcmk\u00fcn. \u00d6zellikle dayan\u0131kl\u0131 yap\u0131s\u0131 ile beraber farkl\u0131 giyim \u00e7e\u015fitlerinde ve bir\u00e7ok \u00fcr\u00fcnde de\u011ferlendirilmektedir.<\/p>\n<p>&nbsp;","protected":false},"excerpt":{"rendered":"<p>\u00d6zel Orijinal Boyunluklar\u00ae<\/p>\n<p>\u00f6zelle\u015ftirme i\u00e7in mevcut 40 standart renk ile poliamidden k\u0131sa boru ask\u0131 ipi.<\/p>\n<p>siyah elastik; 43 x 15 mm s\u00fcblimasyon etiketi ve 9 mm&#8217;lik k\u00fc\u00e7\u00fck bir karabina. \u00f88 x 175mm<\/p>\n<p>Etikete bask\u0131 yap\u0131l\u0131r.<\/p>\n<p>Min sipari\u015f adeti: 500<\/p>\n<p>&nbsp;<\/p>\n","protected":false},"featured_media":7833,"comment_status":"open","ping_status":"closed","template":"","meta":[],"product_brand":[],"product_cat":[935,252],"product_tag":[296,587,1963,584,1959,1961,1960,254,175,298,265,255,1962,1135],"class_list":{"0":"post-7832","1":"product","2":"type-product","3":"status-publish","4":"has-post-thumbnail","6":"product_cat-essiz-urunler","7":"product_cat-anahtarlik","8":"product_tag-anahtarlik","9":"product_tag-baskili-anahtarlik","10":"product_tag-carabiner","11":"product_tag-carabiner-key-ring","12":"product_tag-dokulu-anahtarlik","13":"product_tag-etiket-baski","14":"product_tag-ip-anahtarlik","15":"product_tag-kaliteli-anahtarlik","16":"product_tag-kaliteli-promosyon-urunleri","17":"product_tag-keyring","18":"product_tag-ozel-anahtarlik","19":"product_tag-promosyon-anahtarlik","20":"product_tag-promotion-keyring","21":"product_tag-renkli-anahtarlik","23":"first","24":"instock","25":"shipping-taxable","26":"product-type-simple"},"_links":{"self":[{"href":"https:\/\/thecey.com\/en\/wp-json\/wp\/v2\/product\/7832\/"}],"collection":[{"href":"https:\/\/thecey.com\/en\/wp-json\/wp\/v2\/product\/"}],"about":[{"href":"https:\/\/thecey.com\/en\/wp-json\/wp\/v2\/types\/product\/"}],"replies":[{"embeddable":true,"href":"https:\/\/thecey.com\/en\/wp-json\/wp\/v2\/comments\/?post=7832"}],"wp:featuredmedia":[{"embeddable":true,"href":"https:\/\/thecey.com\/en\/wp-json\/wp\/v2\/media\/7833\/"}],"wp:attachment":[{"href":"https:\/\/thecey.com\/en\/wp-json\/wp\/v2\/media\/?parent=7832"}],"wp:term":[{"taxonomy":"product_brand","embeddable":true,"href":"https:\/\/thecey.com\/en\/wp-json\/wp\/v2\/product_brand\/?post=7832"},{"taxonomy":"product_cat","embeddable":true,"href":"https:\/\/thecey.com\/en\/wp-json\/wp\/v2\/product_cat\/?post=7832"},{"taxonomy":"product_tag","embeddable":true,"href":"https:\/\/thecey.com\/en\/wp-json\/wp\/v2\/product_tag\/?post=7832"}],"curies":[{"name":"wp","href":"https:\/\/api.w.org\/{rel}","templated":true}]}}