{"id":7752,"date":"2022-03-25T13:08:59","date_gmt":"2022-03-25T10:08:59","guid":{"rendered":"https:\/\/thecey.com\/?post_type=product&#038;p=7752"},"modified":"2022-03-25T13:08:59","modified_gmt":"2022-03-25T10:08:59","slug":"thecey-ahsap-neruda-defter-015","status":"publish","type":"product","link":"https:\/\/thecey.com\/en\/urunler\/thecey-ahsap-neruda-defter-015\/","title":{"rendered":"TheCey- Ah\u015fap Neruda Defter- 015"},"content":{"rendered":"","protected":false},"excerpt":{"rendered":"<p>Do\u011fal saman liflerinden yap\u0131lm\u0131\u015f ciltli A5 not defteri. \u00d6zelle\u015ftirilebilen ve kapa\u011fa eklenebilen metal bir plaka i\u00e7erir. Bu not defteri, s\u00fcrd\u00fcr\u00fclebilir bir orman y\u00f6netiminden 192 \u00e7izgili ivory sayfaya sahiptir. Kraft hediye kutusunda teslim edilir.150 x 210 mm | Plaka: 30 x 15 mm<\/p>\n<p>Min. sipari\u015f adeti: 250<\/p>\n<p>&nbsp;<\/p>\n","protected":false},"featured_media":7753,"comment_status":"open","ping_status":"closed","template":"","meta":[],"product_brand":[],"product_cat":[935,1374,243],"product_tag":[1930,1929,1885,1344,1881,316,813,1933,1811,1932,894,1931,318,1586,1754],"class_list":{"0":"post-7752","1":"product","2":"type-product","3":"status-publish","4":"has-post-thumbnail","6":"product_cat-essiz-urunler","7":"product_cat-ekolojik-urunler","8":"product_cat-not-defteri","9":"product_tag-ahsap-defter","10":"product_tag-bambu-defter","11":"product_tag-baskili-eko-defter","12":"product_tag-defter","13":"product_tag-eko-defter","14":"product_tag-kaliteli-defter","15":"product_tag-kaliteli-promosyon","16":"product_tag-kaliteli-urum","17":"product_tag-kaliteli-urun","18":"product_tag-lazer-baski-defter","19":"product_tag-notebook","20":"product_tag-ozel-defter","21":"product_tag-promosyon-defter","22":"product_tag-quality","23":"product_tag-ust-segment","25":"first","26":"instock","27":"shipping-taxable","28":"product-type-simple"},"_links":{"self":[{"href":"https:\/\/thecey.com\/en\/wp-json\/wp\/v2\/product\/7752\/"}],"collection":[{"href":"https:\/\/thecey.com\/en\/wp-json\/wp\/v2\/product\/"}],"about":[{"href":"https:\/\/thecey.com\/en\/wp-json\/wp\/v2\/types\/product\/"}],"replies":[{"embeddable":true,"href":"https:\/\/thecey.com\/en\/wp-json\/wp\/v2\/comments\/?post=7752"}],"wp:featuredmedia":[{"embeddable":true,"href":"https:\/\/thecey.com\/en\/wp-json\/wp\/v2\/media\/7753\/"}],"wp:attachment":[{"href":"https:\/\/thecey.com\/en\/wp-json\/wp\/v2\/media\/?parent=7752"}],"wp:term":[{"taxonomy":"product_brand","embeddable":true,"href":"https:\/\/thecey.com\/en\/wp-json\/wp\/v2\/product_brand\/?post=7752"},{"taxonomy":"product_cat","embeddable":true,"href":"https:\/\/thecey.com\/en\/wp-json\/wp\/v2\/product_cat\/?post=7752"},{"taxonomy":"product_tag","embeddable":true,"href":"https:\/\/thecey.com\/en\/wp-json\/wp\/v2\/product_tag\/?post=7752"}],"curies":[{"name":"wp","href":"https:\/\/api.w.org\/{rel}","templated":true}]}}