{"id":7740,"date":"2022-03-24T16:45:10","date_gmt":"2022-03-24T13:45:10","guid":{"rendered":"https:\/\/thecey.com\/?post_type=product&#038;p=7740"},"modified":"2022-04-07T04:45:47","modified_gmt":"2022-04-07T01:45:47","slug":"thecey-dokulu-kalem","status":"publish","type":"product","link":"https:\/\/thecey.com\/en\/urunler\/thecey-dokulu-kalem\/","title":{"rendered":"TheCey- Dokulu Kalem"},"content":{"rendered":"","protected":false},"excerpt":{"rendered":"<div>\n<p class=\"p1\"><strong>1- Kadife , <\/strong><strong>3D kadifemsi logonuzu<\/strong>\u00a0kalem g\u00f6vdesi\u00a0<strong>\u00fczerinde bir\u00e7ok parlak renkte<\/strong>\u00a0yeniden olu\u015fturman\u0131za olanak tan\u0131r\u00a0.\u00a0Logonuzu veya ba\u015fka herhangi bir tasar\u0131m\u0131, sadece kadifemsi veya\u00a0<strong>bir veya daha fazla UV ekran bask\u0131s\u0131 ile birlikte<\/strong>\u00a0kullanabilirsiniz .<\/p>\n<\/div>\n<div>\n<p class=\"p1\"><strong>2- Logolar\u0131n\u0131z\u0131 ve desenlerinizi <\/strong><strong>dokunarak alg\u0131lanabilecek bir kal\u0131nl\u0131kta<\/strong>\u00a0yeniden \u00fcreterek ileti\u015fiminize daha fazla etki ve duygu katar.<\/p>\n<\/div>\n<p>&nbsp;<\/p>\n","protected":false},"featured_media":7741,"comment_status":"open","ping_status":"closed","template":"","meta":[],"product_brand":[],"product_cat":[935,50,116],"product_tag":[1928,120,1927,1926,27,181,175,1651,182,118,1586,183,688,219,1792],"class_list":{"0":"post-7740","1":"product","2":"type-product","3":"status-publish","4":"has-post-thumbnail","6":"product_cat-essiz-urunler","7":"product_cat-kalem","8":"product_cat-tukenmez-kalem","9":"product_tag-3boyutlu-kalem","10":"product_tag-baskili-kalem","11":"product_tag-dokulu-kalem","12":"product_tag-ilginc-kalem","13":"product_tag-kaliteli-baski","14":"product_tag-kaliteli-kalem","15":"product_tag-kaliteli-promosyon-urunleri","16":"product_tag-pen","17":"product_tag-promosyon-kalem","18":"product_tag-promotion-pen","19":"product_tag-quality","20":"product_tag-quality-pen","21":"product_tag-tukenmez-kalem","22":"product_tag-ucuz-kalem","23":"product_tag-uygun-kalem","25":"first","26":"instock","27":"shipping-taxable","28":"product-type-simple"},"_links":{"self":[{"href":"https:\/\/thecey.com\/en\/wp-json\/wp\/v2\/product\/7740\/"}],"collection":[{"href":"https:\/\/thecey.com\/en\/wp-json\/wp\/v2\/product\/"}],"about":[{"href":"https:\/\/thecey.com\/en\/wp-json\/wp\/v2\/types\/product\/"}],"replies":[{"embeddable":true,"href":"https:\/\/thecey.com\/en\/wp-json\/wp\/v2\/comments\/?post=7740"}],"wp:featuredmedia":[{"embeddable":true,"href":"https:\/\/thecey.com\/en\/wp-json\/wp\/v2\/media\/7741\/"}],"wp:attachment":[{"href":"https:\/\/thecey.com\/en\/wp-json\/wp\/v2\/media\/?parent=7740"}],"wp:term":[{"taxonomy":"product_brand","embeddable":true,"href":"https:\/\/thecey.com\/en\/wp-json\/wp\/v2\/product_brand\/?post=7740"},{"taxonomy":"product_cat","embeddable":true,"href":"https:\/\/thecey.com\/en\/wp-json\/wp\/v2\/product_cat\/?post=7740"},{"taxonomy":"product_tag","embeddable":true,"href":"https:\/\/thecey.com\/en\/wp-json\/wp\/v2\/product_tag\/?post=7740"}],"curies":[{"name":"wp","href":"https:\/\/api.w.org\/{rel}","templated":true}]}}