{"id":7726,"date":"2022-03-09T12:02:47","date_gmt":"2022-03-09T09:02:47","guid":{"rendered":"https:\/\/thecey.com\/?post_type=product&#038;p=7726"},"modified":"2022-03-09T12:02:47","modified_gmt":"2022-03-09T09:02:47","slug":"thecey-bambu-termos","status":"publish","type":"product","link":"https:\/\/thecey.com\/en\/urunler\/thecey-bambu-termos\/","title":{"rendered":"TheCey- Bambu Termos"},"content":{"rendered":"","protected":false},"excerpt":{"rendered":"<p>450 Ml.<br \/>\n\u0130\u00e7 paslanmaz \u00e7elik<br \/>\nSuya dayan\u0131kl\u0131d\u0131r.<\/p>\n<p>&nbsp;<\/p>\n","protected":false},"featured_media":7727,"comment_status":"open","ping_status":"closed","template":"","meta":[],"product_brand":[],"product_cat":[433],"product_tag":[1920,1919,1922,1925,1240,1921,1898,1923,1828,779,1410,1351,1809,1924,1906],"class_list":{"0":"post-7726","1":"product","2":"type-product","3":"status-publish","4":"has-post-thumbnail","6":"product_cat-promosyon-mug-termos","7":"product_tag-bambo-termos","8":"product_tag-bamboo","9":"product_tag-bamboo-termos","10":"product_tag-bamboo-thermos","11":"product_tag-bambu","12":"product_tag-bambu-temos","13":"product_tag-baskili-termos","14":"product_tag-lazer-bakili-termos","15":"product_tag-mug","16":"product_tag-promosyon","17":"product_tag-promosyon-termos","18":"product_tag-promosyon-urunleri","19":"product_tag-promotions","20":"product_tag-thermos","21":"product_tag-uygun-termos","23":"first","24":"instock","25":"shipping-taxable","26":"product-type-simple"},"_links":{"self":[{"href":"https:\/\/thecey.com\/en\/wp-json\/wp\/v2\/product\/7726\/"}],"collection":[{"href":"https:\/\/thecey.com\/en\/wp-json\/wp\/v2\/product\/"}],"about":[{"href":"https:\/\/thecey.com\/en\/wp-json\/wp\/v2\/types\/product\/"}],"replies":[{"embeddable":true,"href":"https:\/\/thecey.com\/en\/wp-json\/wp\/v2\/comments\/?post=7726"}],"wp:featuredmedia":[{"embeddable":true,"href":"https:\/\/thecey.com\/en\/wp-json\/wp\/v2\/media\/7727\/"}],"wp:attachment":[{"href":"https:\/\/thecey.com\/en\/wp-json\/wp\/v2\/media\/?parent=7726"}],"wp:term":[{"taxonomy":"product_brand","embeddable":true,"href":"https:\/\/thecey.com\/en\/wp-json\/wp\/v2\/product_brand\/?post=7726"},{"taxonomy":"product_cat","embeddable":true,"href":"https:\/\/thecey.com\/en\/wp-json\/wp\/v2\/product_cat\/?post=7726"},{"taxonomy":"product_tag","embeddable":true,"href":"https:\/\/thecey.com\/en\/wp-json\/wp\/v2\/product_tag\/?post=7726"}],"curies":[{"name":"wp","href":"https:\/\/api.w.org\/{rel}","templated":true}]}}