{"id":7664,"date":"2022-02-10T11:05:09","date_gmt":"2022-02-10T08:05:09","guid":{"rendered":"https:\/\/thecey.com\/?post_type=product&#038;p=7664"},"modified":"2022-02-10T11:05:09","modified_gmt":"2022-02-10T08:05:09","slug":"thecey-bardakli-termos","status":"publish","type":"product","link":"https:\/\/thecey.com\/en\/urunler\/thecey-bardakli-termos\/","title":{"rendered":"TheCey- Bardakl\u0131 Termos"},"content":{"rendered":"","protected":false},"excerpt":{"rendered":"<div class=\"pro-details-overview\">\n<h5>\u00dcr\u00fcn \u00d6zellikleri:<\/h5>\n<p>750 Ml.<\/p>\n<p>\u0130\u00e7 d\u0131\u015f 304 \u00e7elik<\/p>\n<p>Kendinden bardakl\u0131<\/p>\n<p>Deri k\u0131l\u0131fl\u0131<\/p>\n<p>Kokusuz ve sa\u011fl\u0131kl\u0131d\u0131r.<\/p>\n<p>Lazer bask\u0131 i\u00e7in uygundur.<\/p>\n<p>&nbsp;<\/p>\n<\/div>\n<div class=\"pro-details-overview\">\n<h5>Bask\u0131 Se\u00e7enekleri: Tampon bask\u0131, lazer bask\u0131<\/h5>\n<\/div>\n","protected":false},"featured_media":7665,"comment_status":"open","ping_status":"closed","template":"","meta":[],"product_brand":[],"product_cat":[433],"product_tag":[1907,1876,1898,1893,1894,1900,1410,1351,1409,1906],"class_list":{"0":"post-7664","1":"product","2":"type-product","3":"status-publish","4":"has-post-thumbnail","6":"product_cat-promosyon-mug-termos","7":"product_tag-bardakli-termos","8":"product_tag-baskili-promosyon-urunleri","9":"product_tag-baskili-termos","10":"product_tag-celik-termos","11":"product_tag-kaliteli-termos","12":"product_tag-lazer-baskili-termos","13":"product_tag-promosyon-termos","14":"product_tag-promosyon-urunleri","15":"product_tag-termos","16":"product_tag-uygun-termos","18":"first","19":"instock","20":"shipping-taxable","21":"product-type-simple"},"_links":{"self":[{"href":"https:\/\/thecey.com\/en\/wp-json\/wp\/v2\/product\/7664\/"}],"collection":[{"href":"https:\/\/thecey.com\/en\/wp-json\/wp\/v2\/product\/"}],"about":[{"href":"https:\/\/thecey.com\/en\/wp-json\/wp\/v2\/types\/product\/"}],"replies":[{"embeddable":true,"href":"https:\/\/thecey.com\/en\/wp-json\/wp\/v2\/comments\/?post=7664"}],"wp:featuredmedia":[{"embeddable":true,"href":"https:\/\/thecey.com\/en\/wp-json\/wp\/v2\/media\/7665\/"}],"wp:attachment":[{"href":"https:\/\/thecey.com\/en\/wp-json\/wp\/v2\/media\/?parent=7664"}],"wp:term":[{"taxonomy":"product_brand","embeddable":true,"href":"https:\/\/thecey.com\/en\/wp-json\/wp\/v2\/product_brand\/?post=7664"},{"taxonomy":"product_cat","embeddable":true,"href":"https:\/\/thecey.com\/en\/wp-json\/wp\/v2\/product_cat\/?post=7664"},{"taxonomy":"product_tag","embeddable":true,"href":"https:\/\/thecey.com\/en\/wp-json\/wp\/v2\/product_tag\/?post=7664"}],"curies":[{"name":"wp","href":"https:\/\/api.w.org\/{rel}","templated":true}]}}