{"id":7645,"date":"2022-02-10T10:26:39","date_gmt":"2022-02-10T07:26:39","guid":{"rendered":"https:\/\/thecey.com\/?post_type=product&#038;p=7645"},"modified":"2022-02-10T10:26:39","modified_gmt":"2022-02-10T07:26:39","slug":"thecey-celik-termos","status":"publish","type":"product","link":"https:\/\/thecey.com\/en\/urunler\/thecey-celik-termos\/","title":{"rendered":"TheCey- \u00c7elik Termos"},"content":{"rendered":"","protected":false},"excerpt":{"rendered":"<div class=\"pro-details-overview\">\n<h5>\u00dcr\u00fcn \u00d6zellikleri:<\/h5>\n<p>&nbsp;<\/p>\n<p>420 Ml.<\/p>\n<p>Paslanmaz \u00e7elik<\/p>\n<p>Renk se\u00e7enekleri mevcuttur.<\/p>\n<p>&nbsp;<\/p>\n<\/div>\n<div class=\"pro-details-overview\">\n<h5>Ebat:<\/h5>\n<p>40x40x46 cm<\/p>\n<\/div>\n<div class=\"pro-details-overview\">\n<h5>Koli Adedi:<\/h5>\n<p>50<\/p>\n<\/div>\n<div class=\"pro-details-overview\">\n<h5>A\u011f\u0131rl\u0131k:<\/h5>\n<p>16 Kg<\/p>\n<\/div>\n","protected":false},"featured_media":7646,"comment_status":"open","ping_status":"closed","template":"","meta":[],"product_brand":[],"product_cat":[433],"product_tag":[1898,1893,1896,27,813,175,1894,1899,1900,1828,1897,1410,1351,1586,1895,1409],"class_list":{"0":"post-7645","1":"product","2":"type-product","3":"status-publish","4":"has-post-thumbnail","6":"product_cat-promosyon-mug-termos","7":"product_tag-baskili-termos","8":"product_tag-celik-termos","9":"product_tag-gri-termos","10":"product_tag-kaliteli-baski","11":"product_tag-kaliteli-promosyon","12":"product_tag-kaliteli-promosyon-urunleri","13":"product_tag-kaliteli-termos","14":"product_tag-lazer","15":"product_tag-lazer-baskili-termos","16":"product_tag-mug","17":"product_tag-parlak-termos","18":"product_tag-promosyon-termos","19":"product_tag-promosyon-urunleri","20":"product_tag-quality","21":"product_tag-silver","22":"product_tag-termos","24":"first","25":"instock","26":"shipping-taxable","27":"product-type-simple"},"_links":{"self":[{"href":"https:\/\/thecey.com\/en\/wp-json\/wp\/v2\/product\/7645\/"}],"collection":[{"href":"https:\/\/thecey.com\/en\/wp-json\/wp\/v2\/product\/"}],"about":[{"href":"https:\/\/thecey.com\/en\/wp-json\/wp\/v2\/types\/product\/"}],"replies":[{"embeddable":true,"href":"https:\/\/thecey.com\/en\/wp-json\/wp\/v2\/comments\/?post=7645"}],"wp:featuredmedia":[{"embeddable":true,"href":"https:\/\/thecey.com\/en\/wp-json\/wp\/v2\/media\/7646\/"}],"wp:attachment":[{"href":"https:\/\/thecey.com\/en\/wp-json\/wp\/v2\/media\/?parent=7645"}],"wp:term":[{"taxonomy":"product_brand","embeddable":true,"href":"https:\/\/thecey.com\/en\/wp-json\/wp\/v2\/product_brand\/?post=7645"},{"taxonomy":"product_cat","embeddable":true,"href":"https:\/\/thecey.com\/en\/wp-json\/wp\/v2\/product_cat\/?post=7645"},{"taxonomy":"product_tag","embeddable":true,"href":"https:\/\/thecey.com\/en\/wp-json\/wp\/v2\/product_tag\/?post=7645"}],"curies":[{"name":"wp","href":"https:\/\/api.w.org\/{rel}","templated":true}]}}