{"id":7535,"date":"2022-02-02T15:53:12","date_gmt":"2022-02-02T12:53:12","guid":{"rendered":"https:\/\/thecey.com\/?post_type=product&#038;p=7535"},"modified":"2022-03-20T05:05:03","modified_gmt":"2022-03-20T02:05:03","slug":"thecey-lazer-isikli-kalem-016","status":"publish","type":"product","link":"https:\/\/thecey.com\/en\/urunler\/thecey-lazer-isikli-kalem-016\/","title":{"rendered":"TheCey- Lazer I\u015f\u0131kl\u0131 Kalem -016"},"content":{"rendered":"","protected":false},"excerpt":{"rendered":"<p>Sar\u0131, mavi, beyaz, turuncu, k\u0131rm\u0131z\u0131 veya ye\u015fil renkte led \u0131\u015f\u0131k ile mevcuttur.\u00a0Lazer kaz\u0131ma i\u00e7in \u00f6zel olarak tasarlanm\u0131\u015f bask\u0131 alan\u0131, logonuzun veya markan\u0131z\u0131n kendisine en uygun \u0131\u015f\u0131k rengiyle d\u00fczg\u00fcn \u015fekilde ayd\u0131nlat\u0131lmas\u0131n\u0131 sa\u011flar.<\/p>\n<p>Mavi refil<\/p>\n<p>Touch \u00f6zellikli<\/p>\n<p>Maksimum bask\u0131 alan\u0131: 30 x 6 mm<\/p>\n","protected":false},"featured_media":7536,"comment_status":"open","ping_status":"closed","template":"","meta":[],"product_brand":[],"product_cat":[50,216],"product_tag":[120,1888,723,684,1569,1651,1810,779,182,1351,1414,1586,1017,217,708],"class_list":{"0":"post-7535","1":"product","2":"type-product","3":"status-publish","4":"has-post-thumbnail","6":"product_cat-kalem","7":"product_cat-touch-kalem","8":"product_tag-baskili-kalem","9":"product_tag-baskili-tukenmez-kalem","10":"product_tag-kalem","11":"product_tag-kaliteli-promosyon-kalem","12":"product_tag-lazer-kalem","13":"product_tag-pen","14":"product_tag-printed-promotion","15":"product_tag-promosyon","16":"product_tag-promosyon-kalem","17":"product_tag-promosyon-urunleri","18":"product_tag-promotion","19":"product_tag-quality","20":"product_tag-renkli-kalem","21":"product_tag-touch-kalem","22":"product_tag-touch-pen","24":"first","25":"instock","26":"shipping-taxable","27":"product-type-simple"},"_links":{"self":[{"href":"https:\/\/thecey.com\/en\/wp-json\/wp\/v2\/product\/7535\/"}],"collection":[{"href":"https:\/\/thecey.com\/en\/wp-json\/wp\/v2\/product\/"}],"about":[{"href":"https:\/\/thecey.com\/en\/wp-json\/wp\/v2\/types\/product\/"}],"replies":[{"embeddable":true,"href":"https:\/\/thecey.com\/en\/wp-json\/wp\/v2\/comments\/?post=7535"}],"wp:featuredmedia":[{"embeddable":true,"href":"https:\/\/thecey.com\/en\/wp-json\/wp\/v2\/media\/7536\/"}],"wp:attachment":[{"href":"https:\/\/thecey.com\/en\/wp-json\/wp\/v2\/media\/?parent=7535"}],"wp:term":[{"taxonomy":"product_brand","embeddable":true,"href":"https:\/\/thecey.com\/en\/wp-json\/wp\/v2\/product_brand\/?post=7535"},{"taxonomy":"product_cat","embeddable":true,"href":"https:\/\/thecey.com\/en\/wp-json\/wp\/v2\/product_cat\/?post=7535"},{"taxonomy":"product_tag","embeddable":true,"href":"https:\/\/thecey.com\/en\/wp-json\/wp\/v2\/product_tag\/?post=7535"}],"curies":[{"name":"wp","href":"https:\/\/api.w.org\/{rel}","templated":true}]}}