{"id":7521,"date":"2022-01-26T11:58:45","date_gmt":"2022-01-26T08:58:45","guid":{"rendered":"https:\/\/thecey.com\/?post_type=product&#038;p=7521"},"modified":"2022-01-26T12:04:00","modified_gmt":"2022-01-26T09:04:00","slug":"thecey-eko-a5-not-defteri-016","status":"publish","type":"product","link":"https:\/\/thecey.com\/en\/urunler\/thecey-eko-a5-not-defteri-016\/","title":{"rendered":"TheCey- Eko A5 Not Defteri -016"},"content":{"rendered":"","protected":false},"excerpt":{"rendered":"<p>Nature line, do\u011fal mantardan A5 not defteri ve orijinal iki renkli kaplama.\u00a0\u00c7izgili d\u00fczende 80 yaprak ile i\u00e7.\u00a0Siyah ve beyaz renk kombinasyonlar\u0131 mevcuttur.<\/p>\n<p>Sert Kapak.\u00a080 Yaprak<\/p>\n<p>do\u011fal mantar<\/p>\n","protected":false},"featured_media":7522,"comment_status":"open","ping_status":"closed","template":"","meta":[],"product_brand":[],"product_cat":[1374],"product_tag":[1883,337,1885,1884,1717,1882,1887,1886,1777,27,316,175,318,308,1414,311],"class_list":{"0":"post-7521","1":"product","2":"type-product","3":"status-publish","4":"has-post-thumbnail","6":"product_cat-ekolojik-urunler","7":"product_tag-a5-not-defter","8":"product_tag-baskili-defter","9":"product_tag-baskili-eko-defter","10":"product_tag-baskili-not-defter","11":"product_tag-baskili-urun","12":"product_tag-eko-not-defter","13":"product_tag-ekolijik-not-defteri","14":"product_tag-ekolojik-defter","15":"product_tag-ekolojik-urun","16":"product_tag-kaliteli-baski","17":"product_tag-kaliteli-defter","18":"product_tag-kaliteli-promosyon-urunleri","19":"product_tag-promosyon-defter","20":"product_tag-promosyon-not-defteri","21":"product_tag-promotion","22":"product_tag-quality-notebook","24":"first","25":"instock","26":"shipping-taxable","27":"product-type-simple"},"_links":{"self":[{"href":"https:\/\/thecey.com\/en\/wp-json\/wp\/v2\/product\/7521\/"}],"collection":[{"href":"https:\/\/thecey.com\/en\/wp-json\/wp\/v2\/product\/"}],"about":[{"href":"https:\/\/thecey.com\/en\/wp-json\/wp\/v2\/types\/product\/"}],"replies":[{"embeddable":true,"href":"https:\/\/thecey.com\/en\/wp-json\/wp\/v2\/comments\/?post=7521"}],"wp:featuredmedia":[{"embeddable":true,"href":"https:\/\/thecey.com\/en\/wp-json\/wp\/v2\/media\/7522\/"}],"wp:attachment":[{"href":"https:\/\/thecey.com\/en\/wp-json\/wp\/v2\/media\/?parent=7521"}],"wp:term":[{"taxonomy":"product_brand","embeddable":true,"href":"https:\/\/thecey.com\/en\/wp-json\/wp\/v2\/product_brand\/?post=7521"},{"taxonomy":"product_cat","embeddable":true,"href":"https:\/\/thecey.com\/en\/wp-json\/wp\/v2\/product_cat\/?post=7521"},{"taxonomy":"product_tag","embeddable":true,"href":"https:\/\/thecey.com\/en\/wp-json\/wp\/v2\/product_tag\/?post=7521"}],"curies":[{"name":"wp","href":"https:\/\/api.w.org\/{rel}","templated":true}]}}