{"id":7510,"date":"2022-01-26T11:53:03","date_gmt":"2022-01-26T08:53:03","guid":{"rendered":"https:\/\/thecey.com\/?post_type=product&#038;p=7510"},"modified":"2022-01-26T11:53:03","modified_gmt":"2022-01-26T08:53:03","slug":"thecey-eko-defter-016","status":"publish","type":"product","link":"https:\/\/thecey.com\/en\/urunler\/thecey-eko-defter-016\/","title":{"rendered":"TheCey- Eko Defter -016"},"content":{"rendered":"","protected":false},"excerpt":{"rendered":"<p><span>Do\u011fa \u00e7izgisinde not defteri ve t\u00fckenmez kalem seti.\u00a0Do\u011fal mantardan sert kapakl\u0131, 80 d\u00fcz yaprakl\u0131 defter.\u00a0Do\u011fal ham madde kullan\u0131m\u0131n\u0131 te\u015fvik etmek ve kirletici emisyonlar\u0131 azaltmak i\u00e7in do\u011fal mantar g\u00f6vdeli ve bu\u011fday saman\u0131ndan aksesuarlara sahip itme mekanizmal\u0131 t\u00fckenmez kalem.\u00a0Eko tasar\u0131ml\u0131, kal\u0131p kesim karton kutuda sunulmaktad\u0131r.\u00a0Siyah m\u00fcrekkep.<\/span><\/p>\n<p><span>Sert Kapak.\u00a080 Sayfa.\u00a0Kalem Do\u011fal Mantar\/ Bu\u011fday Saman\u0131\/ ABS.\u00a0Siyah m\u00fcrekkep<\/span><\/p>\n<p><span>Not Defteri Do\u011fal Mantar<\/span><\/p>\n","protected":false},"featured_media":7511,"comment_status":"open","ping_status":"closed","template":"","meta":[],"product_brand":[],"product_cat":[1374],"product_tag":[1879,1880,1881,330,1777,1378,316,1811,1581,308,1351,311],"class_list":{"0":"post-7510","1":"product","2":"type-product","3":"status-publish","4":"has-post-thumbnail","6":"product_cat-ekolojik-urunler","7":"product_tag-dogal","8":"product_tag-dogal-mantar-defter","9":"product_tag-eko-defter","10":"product_tag-eko-not-defteri","11":"product_tag-ekolojik-urun","12":"product_tag-ekolojiknotdefteri","13":"product_tag-kaliteli-defter","14":"product_tag-kaliteli-urun","15":"product_tag-printed","16":"product_tag-promosyon-not-defteri","17":"product_tag-promosyon-urunleri","18":"product_tag-quality-notebook","20":"first","21":"instock","22":"shipping-taxable","23":"product-type-simple"},"_links":{"self":[{"href":"https:\/\/thecey.com\/en\/wp-json\/wp\/v2\/product\/7510\/"}],"collection":[{"href":"https:\/\/thecey.com\/en\/wp-json\/wp\/v2\/product\/"}],"about":[{"href":"https:\/\/thecey.com\/en\/wp-json\/wp\/v2\/types\/product\/"}],"replies":[{"embeddable":true,"href":"https:\/\/thecey.com\/en\/wp-json\/wp\/v2\/comments\/?post=7510"}],"wp:featuredmedia":[{"embeddable":true,"href":"https:\/\/thecey.com\/en\/wp-json\/wp\/v2\/media\/7511\/"}],"wp:attachment":[{"href":"https:\/\/thecey.com\/en\/wp-json\/wp\/v2\/media\/?parent=7510"}],"wp:term":[{"taxonomy":"product_brand","embeddable":true,"href":"https:\/\/thecey.com\/en\/wp-json\/wp\/v2\/product_brand\/?post=7510"},{"taxonomy":"product_cat","embeddable":true,"href":"https:\/\/thecey.com\/en\/wp-json\/wp\/v2\/product_cat\/?post=7510"},{"taxonomy":"product_tag","embeddable":true,"href":"https:\/\/thecey.com\/en\/wp-json\/wp\/v2\/product_tag\/?post=7510"}],"curies":[{"name":"wp","href":"https:\/\/api.w.org\/{rel}","templated":true}]}}