{"id":7326,"date":"2022-01-19T15:41:18","date_gmt":"2022-01-19T12:41:18","guid":{"rendered":"https:\/\/thecey.com\/?post_type=product&#038;p=7326"},"modified":"2022-01-19T15:41:18","modified_gmt":"2022-01-19T12:41:18","slug":"thecey-promosyon-spor-canta","status":"publish","type":"product","link":"https:\/\/thecey.com\/en\/urunler\/thecey-promosyon-spor-canta\/","title":{"rendered":"TheCey- Promosyon Spor \u00c7anta"},"content":{"rendered":"","protected":false},"excerpt":{"rendered":"<p>8 Farkl\u0131 rengi ile bask\u0131l\u0131 spor \u00e7anta !<\/p>\n<p>\u00d6l\u00e7\u00fcler: \u00c7ap: 26 cm X Uzunluk: 45cm<\/p>\n","protected":false},"featured_media":7327,"comment_status":"open","ping_status":"closed","template":"","meta":[],"product_brand":[],"product_cat":[917],"product_tag":[1659,1873,1868,1360,27,960,813,652,1871,860,1867,1809,1586,1783,1869,1872,1870],"class_list":{"0":"post-7326","1":"product","2":"type-product","3":"status-publish","4":"has-post-thumbnail","6":"product_cat-promo-canta","7":"product_tag-bag","8":"product_tag-bags","9":"product_tag-baskili-spor-cantasi","10":"product_tag-canta","11":"product_tag-kaliteli-baski","12":"product_tag-kaliteli-canta","13":"product_tag-kaliteli-promosyon","14":"product_tag-kaliteli-promosyon-urunu","15":"product_tag-omuz-cantasi","16":"product_tag-promosyon-canta","17":"product_tag-promotional-sports-bag","18":"product_tag-promotions","19":"product_tag-quality","20":"product_tag-spor","21":"product_tag-spor-cantasi","22":"product_tag-uygun-baskili-canta","23":"product_tag-uygun-canta","25":"first","26":"instock","27":"shipping-taxable","28":"product-type-simple"},"_links":{"self":[{"href":"https:\/\/thecey.com\/en\/wp-json\/wp\/v2\/product\/7326\/"}],"collection":[{"href":"https:\/\/thecey.com\/en\/wp-json\/wp\/v2\/product\/"}],"about":[{"href":"https:\/\/thecey.com\/en\/wp-json\/wp\/v2\/types\/product\/"}],"replies":[{"embeddable":true,"href":"https:\/\/thecey.com\/en\/wp-json\/wp\/v2\/comments\/?post=7326"}],"wp:featuredmedia":[{"embeddable":true,"href":"https:\/\/thecey.com\/en\/wp-json\/wp\/v2\/media\/7327\/"}],"wp:attachment":[{"href":"https:\/\/thecey.com\/en\/wp-json\/wp\/v2\/media\/?parent=7326"}],"wp:term":[{"taxonomy":"product_brand","embeddable":true,"href":"https:\/\/thecey.com\/en\/wp-json\/wp\/v2\/product_brand\/?post=7326"},{"taxonomy":"product_cat","embeddable":true,"href":"https:\/\/thecey.com\/en\/wp-json\/wp\/v2\/product_cat\/?post=7326"},{"taxonomy":"product_tag","embeddable":true,"href":"https:\/\/thecey.com\/en\/wp-json\/wp\/v2\/product_tag\/?post=7326"}],"curies":[{"name":"wp","href":"https:\/\/api.w.org\/{rel}","templated":true}]}}