{"id":7183,"date":"2021-11-04T10:32:31","date_gmt":"2021-11-04T07:32:31","guid":{"rendered":"https:\/\/thecey.com\/?post_type=product&#038;p=7183"},"modified":"2023-01-12T12:48:14","modified_gmt":"2023-01-12T09:48:14","slug":"pininfarina-forever-primina-maserati","status":"publish","type":"product","link":"https:\/\/thecey.com\/en\/urunler\/pininfarina-forever-primina-maserati\/","title":{"rendered":"Pininfarina Forever Primina Maserati Edition"},"content":{"rendered":"","protected":false},"excerpt":{"rendered":"<h2 class=\"ng-scope\">Ethergraf\u00ae metal ala\u015f\u0131ml\u0131 u\u00e7lu boyal\u0131 al\u00fcminyum kalem<\/h2>\n<p><span class=\"ng-scope\">\u00dc\u00e7 renkte olu\u015fturulmu\u015f Ethergraf\u00aePrimina Maserati metal ala\u015f\u0131ml\u0131 u\u00e7lu boyal\u0131 al\u00fcminyum kalem: beyaz, siyah ve mavi.\u00a0Prima&#8217;n\u0131n k\u00fc\u00e7\u00fck boyutlu versiyonu, d\u00fc\u015f\u00fcnceleri ve duygular\u0131 Ethergraf&#8217;taki \u00f6zel ipucu arac\u0131l\u0131\u011f\u0131yla anlatmak i\u00e7in tasarlanm\u0131\u015f gen\u00e7 ve esprili bir ara\u00e7t\u0131r.\u00a0\u0130konik Maserati Trident taraf\u0131ndan \u00f6zelle\u015ftirilmi\u015f bu \u00f6zel versiyonda<\/span><\/p>\n<p><span class=\"ng-scope\">Tornalanm\u0131\u015f\u00a0<\/span><span class=\"ng-scope\">al\u00fcminyum\u00a0<\/span><span class=\"ng-scope\">Ethergraf\u00ae metal ala\u015f\u0131ml\u0131\u00a0<\/span><span class=\"ng-scope\">mil<\/span><br class=\"ng-scope\" \/><span class=\"ng-scope\">Uzunluk 113mm &#8211; \u00e7ap 10mm<\/span><br class=\"ng-scope\" \/><span class=\"ng-scope\">A\u011f\u0131rl\u0131k 17gr<\/span><\/p>\n","protected":false},"featured_media":7184,"comment_status":"open","ping_status":"closed","template":"","meta":[],"product_brand":[],"product_cat":[122,1123],"product_tag":[1183,181,1651,1417,1437,1841,182,118,1141,1754,1843,1178,1837],"class_list":{"0":"post-7183","1":"product","2":"type-product","3":"status-publish","4":"has-post-thumbnail","6":"product_cat-metal-kalem","7":"product_cat-pininfarina","8":"product_tag-kaliteli-hediye","9":"product_tag-kaliteli-kalem","10":"product_tag-pen","11":"product_tag-pininfarina","12":"product_tag-pininfarina-kalem","13":"product_tag-pininfarina-pen","14":"product_tag-promosyon-kalem","15":"product_tag-promotion-pen","16":"product_tag-tasarim-kalem","17":"product_tag-ust-segment","18":"product_tag-ust-segment-hediye","19":"product_tag-ust-segment-kalem","20":"product_tag-ust-segment-promosyon","22":"first","23":"instock","24":"shipping-taxable","25":"product-type-simple"},"_links":{"self":[{"href":"https:\/\/thecey.com\/en\/wp-json\/wp\/v2\/product\/7183\/"}],"collection":[{"href":"https:\/\/thecey.com\/en\/wp-json\/wp\/v2\/product\/"}],"about":[{"href":"https:\/\/thecey.com\/en\/wp-json\/wp\/v2\/types\/product\/"}],"replies":[{"embeddable":true,"href":"https:\/\/thecey.com\/en\/wp-json\/wp\/v2\/comments\/?post=7183"}],"wp:featuredmedia":[{"embeddable":true,"href":"https:\/\/thecey.com\/en\/wp-json\/wp\/v2\/media\/7184\/"}],"wp:attachment":[{"href":"https:\/\/thecey.com\/en\/wp-json\/wp\/v2\/media\/?parent=7183"}],"wp:term":[{"taxonomy":"product_brand","embeddable":true,"href":"https:\/\/thecey.com\/en\/wp-json\/wp\/v2\/product_brand\/?post=7183"},{"taxonomy":"product_cat","embeddable":true,"href":"https:\/\/thecey.com\/en\/wp-json\/wp\/v2\/product_cat\/?post=7183"},{"taxonomy":"product_tag","embeddable":true,"href":"https:\/\/thecey.com\/en\/wp-json\/wp\/v2\/product_tag\/?post=7183"}],"curies":[{"name":"wp","href":"https:\/\/api.w.org\/{rel}","templated":true}]}}