{"id":7161,"date":"2021-11-02T13:17:03","date_gmt":"2021-11-02T10:17:03","guid":{"rendered":"https:\/\/thecey.com\/?post_type=product&#038;p=7161"},"modified":"2024-03-19T07:16:47","modified_gmt":"2024-03-19T04:16:47","slug":"pininfarina-cambiano-maserati","status":"publish","type":"product","link":"https:\/\/thecey.com\/en\/urunler\/pininfarina-cambiano-maserati\/","title":{"rendered":"Pininfarina Cambiano Maserati Edition"},"content":{"rendered":"","protected":false},"excerpt":{"rendered":"<p>En cesurlar i\u00e7in zarafet.\u00a0Pininfarina ve Maserati aras\u0131ndaki i\u015fbirli\u011fi, iki markay\u0131 her zaman farkl\u0131 k\u0131lan g\u00fczelli\u011fi, i\u015f\u00e7ili\u011fi ve yenili\u011fi kutluyor.\u00a0Bunlar, g\u00f6vdesinin ikonik \u015fekli ve Ethergraf\u00ae metal ala\u015f\u0131m\u0131ndaki ucu ile g\u00fc\u00e7l\u00fc bir Maserati motorunun geometrilerini kar\u015f\u0131layan &#8220;Pininfarina Cambiano Engine Maserati Edition&#8221; taraf\u0131ndan ifade edilen niteliklerdir.\u00a0Ondan t\u00fcretilen benzersiz bir yaz\u0131 arac\u0131d\u0131r. Kusursuz, zarif ve l\u00fcks bir kutu i\u00e7inde.<\/p>\n<p>&nbsp;<\/p>\n<p class=\"ng-scope\"><span lang=\"EN-GB\">Al\u00fcminyum kabuk ve sedir a\u011fac\u0131 par\u00e7alar<\/span><\/p>\n<p class=\"ng-scope\"><span lang=\"EN-GB\">Ethergraf\u00ae metal ala\u015f\u0131ml\u0131 u\u00e7<\/span><\/p>\n<p class=\"ng-scope\"><span lang=\"EN-GB\">Uzunluk 160mm &#8211; \u00e7ap 10mm<\/span><\/p>\n<p class=\"ng-scope\"><span lang=\"EN-GB\">A\u011f\u0131rl\u0131k 39gr<\/span><\/p>\n","protected":false},"featured_media":7162,"comment_status":"open","ping_status":"closed","template":"","meta":[],"product_brand":[],"product_cat":[1123,221],"product_tag":[723,813,1811,1145,724,1651,1417,1437,779,1351,224,1843,1837,104],"class_list":{"0":"post-7161","1":"product","2":"type-product","3":"status-publish","4":"has-post-thumbnail","6":"product_cat-pininfarina","7":"product_cat-standli-kalem","8":"product_tag-kalem","9":"product_tag-kaliteli-promosyon","10":"product_tag-kaliteli-urun","11":"product_tag-kurumsal-hediye","12":"product_tag-markali-kalem","13":"product_tag-pen","14":"product_tag-pininfarina","15":"product_tag-pininfarina-kalem","16":"product_tag-promosyon","17":"product_tag-promosyon-urunleri","18":"product_tag-special-pen","19":"product_tag-ust-segment-hediye","20":"product_tag-ust-segment-promosyon","21":"product_tag-vip-hediye","23":"first","24":"instock","25":"shipping-taxable","26":"product-type-simple"},"_links":{"self":[{"href":"https:\/\/thecey.com\/en\/wp-json\/wp\/v2\/product\/7161\/"}],"collection":[{"href":"https:\/\/thecey.com\/en\/wp-json\/wp\/v2\/product\/"}],"about":[{"href":"https:\/\/thecey.com\/en\/wp-json\/wp\/v2\/types\/product\/"}],"replies":[{"embeddable":true,"href":"https:\/\/thecey.com\/en\/wp-json\/wp\/v2\/comments\/?post=7161"}],"wp:featuredmedia":[{"embeddable":true,"href":"https:\/\/thecey.com\/en\/wp-json\/wp\/v2\/media\/7162\/"}],"wp:attachment":[{"href":"https:\/\/thecey.com\/en\/wp-json\/wp\/v2\/media\/?parent=7161"}],"wp:term":[{"taxonomy":"product_brand","embeddable":true,"href":"https:\/\/thecey.com\/en\/wp-json\/wp\/v2\/product_brand\/?post=7161"},{"taxonomy":"product_cat","embeddable":true,"href":"https:\/\/thecey.com\/en\/wp-json\/wp\/v2\/product_cat\/?post=7161"},{"taxonomy":"product_tag","embeddable":true,"href":"https:\/\/thecey.com\/en\/wp-json\/wp\/v2\/product_tag\/?post=7161"}],"curies":[{"name":"wp","href":"https:\/\/api.w.org\/{rel}","templated":true}]}}