{"id":6814,"date":"2021-05-28T12:27:07","date_gmt":"2021-05-28T09:27:07","guid":{"rendered":"https:\/\/thecey.com\/?post_type=product&#038;p=6814"},"modified":"2023-07-27T13:25:10","modified_gmt":"2023-07-27T10:25:10","slug":"thecey-lazer-isikli-speaker-016","status":"publish","type":"product","link":"https:\/\/thecey.com\/en\/urunler\/thecey-lazer-isikli-speaker-016\/","title":{"rendered":"TheCey- Lazer I\u015f\u0131kl\u0131 Speaker -016"},"content":{"rendered":"","protected":false},"excerpt":{"rendered":"<p>Bluetooth\u00ae ba\u011flant\u0131l\u0131 hoparl\u00f6r, i\u00e7 LED \u0131\u015f\u0131\u011f\u0131 ve \u00f6zellikle lazer bask\u0131 i\u00e7in tasarlanm\u0131\u015f, logoyu ayd\u0131nlatan g\u00f6vde. 3W g\u00fc\u00e7 ve eller serbest i\u015flevi. USB kablosuyla \u015farj edilebilir (dahil) ve \u00e7ekici, \u00f6zel bir tasar\u0131m kutusunda sunulur. LED \u0131\u015f\u0131klar. Bluetooth Ba\u011flant\u0131s\u0131. G\u00fc\u00e7 3W. USB \u015earj Edilebilir. Kablo Dahildir<\/p>\n","protected":false},"featured_media":6815,"comment_status":"open","ping_status":"closed","template":"","meta":[],"product_brand":[],"product_cat":[247,363,304,2275],"product_tag":[1256,410,27,1677,652,1236,1799,1537,1414,368,1586,638],"class_list":{"0":"post-6814","1":"product","2":"type-product","3":"status-publish","4":"has-post-thumbnail","6":"product_cat-mobil-urunleri","7":"product_cat-speaker","8":"product_cat-thecey","9":"product_cat-thecey-stok-urunler","10":"product_tag-baskili-hoparlor","11":"product_tag-bluetooth-hoparlor","12":"product_tag-kaliteli-baski","13":"product_tag-kaliteli-hoparlor","14":"product_tag-kaliteli-promosyon-urunu","15":"product_tag-lazer-baski","16":"product_tag-lazer-baskili-hoparlor","17":"product_tag-printed-speaker","18":"product_tag-promotion","19":"product_tag-promotion-speaker","20":"product_tag-quality","21":"product_tag-speaker","23":"first","24":"instock","25":"shipping-taxable","26":"product-type-simple"},"_links":{"self":[{"href":"https:\/\/thecey.com\/en\/wp-json\/wp\/v2\/product\/6814\/"}],"collection":[{"href":"https:\/\/thecey.com\/en\/wp-json\/wp\/v2\/product\/"}],"about":[{"href":"https:\/\/thecey.com\/en\/wp-json\/wp\/v2\/types\/product\/"}],"replies":[{"embeddable":true,"href":"https:\/\/thecey.com\/en\/wp-json\/wp\/v2\/comments\/?post=6814"}],"wp:featuredmedia":[{"embeddable":true,"href":"https:\/\/thecey.com\/en\/wp-json\/wp\/v2\/media\/6815\/"}],"wp:attachment":[{"href":"https:\/\/thecey.com\/en\/wp-json\/wp\/v2\/media\/?parent=6814"}],"wp:term":[{"taxonomy":"product_brand","embeddable":true,"href":"https:\/\/thecey.com\/en\/wp-json\/wp\/v2\/product_brand\/?post=6814"},{"taxonomy":"product_cat","embeddable":true,"href":"https:\/\/thecey.com\/en\/wp-json\/wp\/v2\/product_cat\/?post=6814"},{"taxonomy":"product_tag","embeddable":true,"href":"https:\/\/thecey.com\/en\/wp-json\/wp\/v2\/product_tag\/?post=6814"}],"curies":[{"name":"wp","href":"https:\/\/api.w.org\/{rel}","templated":true}]}}