{"id":6678,"date":"2021-04-15T10:53:09","date_gmt":"2021-04-15T07:53:09","guid":{"rendered":"https:\/\/thecey.com\/?post_type=product&#038;p=6678"},"modified":"2024-03-19T00:35:53","modified_gmt":"2024-03-18T21:35:53","slug":"thecey-led-sicaklik-gostergeli-celik-termos","status":"publish","type":"product","link":"https:\/\/thecey.com\/en\/urunler\/thecey-led-sicaklik-gostergeli-celik-termos\/","title":{"rendered":"TheCey- Led S\u0131cakl\u0131k G\u00f6stergeli \u00c7elik Termos"},"content":{"rendered":"","protected":false},"excerpt":{"rendered":"<p><span style=\"font-family: Arial; font-size: large;\">Ergonomik \u015e\u0131k Tasar\u0131m<\/span><\/p>\n<p><span style=\"font-family: Arial; font-size: large;\">Y\u00fcr\u00fcy\u00fc\u015f kamp gibi bir\u00e7ok aktivitede yan\u0131n\u0131zda s\u0131zd\u0131rmaz \u0131s\u0131 g\u00f6stergeli ak\u0131ll\u0131 termos ile t\u00fcm i\u00e7eceklerinizi muhafaza edebilirsiniz.<\/span><\/p>\n<p><span style=\"font-family: Arial; font-size: large;\">Kapa\u011f\u0131ndaki led \u0131s\u0131 g\u00f6stergesi ile \u0131s\u0131 kontrol\u00fc yapabilirsiniz.<\/span><\/p>\n<p><span style=\"font-family: Arial; font-size: large;\">Dayan\u0131kl\u0131 sa\u011flam y\u0131kanabilir ve sa\u011fl\u0131kl\u0131d\u0131r.<\/span><\/p>\n<p><span style=\"font-family: Arial; font-size: large;\">Kapa\u011f\u0131 a\u00e7t\u0131\u011f\u0131n\u0131zda di\u011fer\u00a0\u00fcr\u00fcnlerdeki gibi\u00a0a\u011f\u0131r koku yapmaz.<\/span><\/p>\n<p>&nbsp;<\/p>\n<p><span style=\"font-family: Arial; font-size: large;\">Renk :Silver, Mavi, Siyah, Beyaz, Pembe, Gold<\/span><\/p>\n<p><span style=\"font-family: Arial; font-size: large;\">\u00dcr\u00fcn \u00d6l\u00e7\u00fcleri<\/span><\/p>\n<p><span style=\"font-family: Arial; font-size: large;\">\u0130\u00e7 Hazne 500 Ml<\/span><\/p>\n<p><span style=\"font-family: Arial; font-size: large;\">Uzunluk : 23 Cm<\/span><\/p>\n<p><span style=\"font-family: Arial; font-size: large;\">Geni\u015flik : 6,5 Cm<\/span><\/p>\n","protected":false},"featured_media":6679,"comment_status":"open","ping_status":"closed","template":"","meta":[],"product_brand":[],"product_cat":[15],"product_tag":[],"class_list":{"0":"post-6678","1":"product","2":"type-product","3":"status-publish","4":"has-post-thumbnail","6":"product_cat-cikolata","8":"first","9":"instock","10":"shipping-taxable","11":"product-type-simple"},"_links":{"self":[{"href":"https:\/\/thecey.com\/en\/wp-json\/wp\/v2\/product\/6678\/"}],"collection":[{"href":"https:\/\/thecey.com\/en\/wp-json\/wp\/v2\/product\/"}],"about":[{"href":"https:\/\/thecey.com\/en\/wp-json\/wp\/v2\/types\/product\/"}],"replies":[{"embeddable":true,"href":"https:\/\/thecey.com\/en\/wp-json\/wp\/v2\/comments\/?post=6678"}],"wp:featuredmedia":[{"embeddable":true,"href":"https:\/\/thecey.com\/en\/wp-json\/wp\/v2\/media\/6679\/"}],"wp:attachment":[{"href":"https:\/\/thecey.com\/en\/wp-json\/wp\/v2\/media\/?parent=6678"}],"wp:term":[{"taxonomy":"product_brand","embeddable":true,"href":"https:\/\/thecey.com\/en\/wp-json\/wp\/v2\/product_brand\/?post=6678"},{"taxonomy":"product_cat","embeddable":true,"href":"https:\/\/thecey.com\/en\/wp-json\/wp\/v2\/product_cat\/?post=6678"},{"taxonomy":"product_tag","embeddable":true,"href":"https:\/\/thecey.com\/en\/wp-json\/wp\/v2\/product_tag\/?post=6678"}],"curies":[{"name":"wp","href":"https:\/\/api.w.org\/{rel}","templated":true}]}}