{"id":6599,"date":"2021-03-18T12:54:09","date_gmt":"2021-03-18T09:54:09","guid":{"rendered":"https:\/\/thecey.com\/?post_type=product&#038;p=6599"},"modified":"2021-03-18T12:54:09","modified_gmt":"2021-03-18T09:54:09","slug":"thecey-bebek-havlusu","status":"publish","type":"product","link":"https:\/\/thecey.com\/en\/urunler\/thecey-bebek-havlusu\/","title":{"rendered":"TheCey- Bebek Havlusu"},"content":{"rendered":"","protected":false},"excerpt":{"rendered":"<p><span>Yumu\u015fak dokusu ve kaliteli kuma\u015f\u0131 ile \u00e7ocuklar\u0131n\u0131z i\u00e7in g\u00fcvenle kullanabilece\u011finiz bir \u00fcr\u00fcnd\u00fcr.\u00a0Foto\u011fraf kalitesinde bask\u0131lar ile dikkat \u00e7ekici renklere sahiptir.<\/span><br \/>\n<span>Su emicili\u011fi y\u00fcksektir ve kolay kurur.\u00a0Renkleri g\u00fcne\u015f \u0131\u015f\u0131\u011f\u0131ndan ve klordan solmaz.<\/span><br \/>\n<span>Bask\u0131da kullan\u0131lan su bazl\u0131 boyalar insan sa\u011fl\u0131\u011f\u0131na ve \u00e7evreye zarar vermez.<\/span><br \/>\n<span>OEKO-TEX100 class1 sertifikas\u0131na sahibiz.\u00a0Bebe\u011finizle bile g\u00fcvenle kullanabilirsiniz.<\/span><\/p>\n","protected":false},"featured_media":6600,"comment_status":"open","ping_status":"closed","template":"","meta":[],"product_brand":[],"product_cat":[15,653,822],"product_tag":[1751,1750,1749,1668,1734,1743,779,1663,1752],"class_list":{"0":"post-6599","1":"product","2":"type-product","3":"status-publish","4":"has-post-thumbnail","6":"product_cat-cikolata","7":"product_cat-made-in-turkey","8":"product_cat-tekstil-urunleri","9":"product_tag-baby","10":"product_tag-bebek","11":"product_tag-bebek-havlusu","12":"product_tag-made-in-turkey-towel","13":"product_tag-printed-promation","14":"product_tag-promation","15":"product_tag-promosyon","16":"product_tag-towel","17":"product_tag-yumasak-battaniye","19":"first","20":"instock","21":"shipping-taxable","22":"product-type-simple"},"_links":{"self":[{"href":"https:\/\/thecey.com\/en\/wp-json\/wp\/v2\/product\/6599\/"}],"collection":[{"href":"https:\/\/thecey.com\/en\/wp-json\/wp\/v2\/product\/"}],"about":[{"href":"https:\/\/thecey.com\/en\/wp-json\/wp\/v2\/types\/product\/"}],"replies":[{"embeddable":true,"href":"https:\/\/thecey.com\/en\/wp-json\/wp\/v2\/comments\/?post=6599"}],"wp:featuredmedia":[{"embeddable":true,"href":"https:\/\/thecey.com\/en\/wp-json\/wp\/v2\/media\/6600\/"}],"wp:attachment":[{"href":"https:\/\/thecey.com\/en\/wp-json\/wp\/v2\/media\/?parent=6599"}],"wp:term":[{"taxonomy":"product_brand","embeddable":true,"href":"https:\/\/thecey.com\/en\/wp-json\/wp\/v2\/product_brand\/?post=6599"},{"taxonomy":"product_cat","embeddable":true,"href":"https:\/\/thecey.com\/en\/wp-json\/wp\/v2\/product_cat\/?post=6599"},{"taxonomy":"product_tag","embeddable":true,"href":"https:\/\/thecey.com\/en\/wp-json\/wp\/v2\/product_tag\/?post=6599"}],"curies":[{"name":"wp","href":"https:\/\/api.w.org\/{rel}","templated":true}]}}